{"id":65926,"date":"2023-11-13T15:24:38","date_gmt":"2023-12-07T16:29:04","guid":{"rendered":"https:\/\/www.thecolivers.com\/produit\/studio-dieude-prefecture\/"},"modified":"2025-09-17T12:38:59","modified_gmt":"2025-09-17T10:38:59","slug":"studio-dieude-prefecture","status":"publish","type":"product","link":"https:\/\/www.thecolivers.com\/en\/marseille\/studio-dieude-prefecture\/","title":{"rendered":"Studio Dieud\u00e9 | Pr\u00e9fecture"},"content":{"rendered":"","protected":false},"excerpt":{"rendered":"","protected":false},"featured_media":176850,"template":"","meta":{"_acf_changed":false,"_joinchat":[]},"product_cat":[114],"product_tag":[212],"acf":{"id_saleforce_record":"a3V5J000000pFxIUAU","Titre H1":"Studio Dieud\u00e9 | Pr\u00e9fecture | Marseille","soustitre_1_h2":"Furnished Studio Apartment, Coliving in Marseille","information_encart":"","information_encart_anglais":"On waiting list","description_produit":"Furnished and equipped apartment located in downtown Marseille, 10 minutes' walk from Place Castellane. Ready to move in, this studio is located in a well-kept, secure building.  \n<br> THE APARTMENT: Enjoy an apartment with a living room featuring a comfortable sofa bed, a dining area, and designer furniture. A fully equipped kitchen and a bathroom with a shower and sink.  Parquet flooring. Lots of storage space.\n<br> \ufe0f\ufe0f AMENITIES: bedding (140 cm * 200 cm)\n- designer furniture\n- large closet and dressing room\n- double glazing\n- smart TV\n- fully equipped kitchen: refrigerator-freezer, coffee machine, oven, utensils, etc.\n- secure building (digital code entry, doors with three-point locks).\n- laundry rooms with washing machine and dryer freely accessible on the landing.\n<br>\ufe0f SERVICES INCLUDED: High-speed Wi-Fi\n- Cleaning of common areas\n- Dedicated customer support","colocataire_descriptif":"","date_de_disponibilite":"","date_de_disponibilite_anglais":"Your rental will start 12\/15\/2023","tout_inclus":"Rent includes: building and wifi charges","montant_depot_garantie":"1000.0","montant_frais_dossier":"380.0","montant_ht":"","cta_visiter":"f16cc71c-7ee4-411d-a429-31ddbc6e15f7","cta_liste_attente":"","cta_liste_attente_anglais":"<button data-tf-slider='npV6XYFG' data-tf-transitive-search-params='utm_source, utm_medium, utm_campaign, utm_term, utm_content' data-tf-width='550' data-tf-hide-headers data-tf-iframe-props='title=R\u00e9servation THE COLIVERS' data-tf-medium='snippet' data-tf-hidden='bu=Coliving,cta=listeattente,residence=,ville=Marseille,ressource=Dieude,marque=thecolivers,langue=anglais' style='font-family:Oswald,sans-serif;max-width:100%;overflow:hidden;background-color:#000000;color:#FFFFFF;font-size:16px;padding:12px;font-weight:bold;cursor:pointer;text-align:center;text-decoration:none;letter-spacing:1px''>JOIN THE WAINTING LIST<\/button><script src='\/\/embed.typeform.com\/next\/embed.js'><\/script>","cta_contacter":"","cta_contacter_anglais":"<button data-tf-slider='npV6XYFG' data-tf-transitive-search-params='utm_source, utm_medium, utm_campaign, utm_term, utm_content' data-tf-width='550' data-tf-hide-headers data-tf-iframe-props='title=R\u00e9servation THE COLIVERS' data-tf-medium='snippet' data-tf-hidden='bu=Coliving,cta=contact,residence=,ville=Marseille,ressource=Dieude,marque=thecolivers,langue=anglais' style='all:unset;font-family:Oswald,sans-serif;display:inline-block;max-width:100%;white-space:nowrap;overflow:hidden;text-overflow:ellipsis;background-color:#FFFFFF;color:#000000;font-size:16px;border-radius:32px;padding:10px;font-weight:bold;cursor:pointer;text-align:center;text-decoration:none;letter-spacing:1px;'>CONTACT US<\/button><script src='\/\/embed.typeform.com\/next\/embed.js'><\/script>","cta_reserver_bloc_produit":"","cta_reserver_bloc_produit_anglais":"","capacite":"","surface":"","etage":"","argument_1":"Quiet","argument_2":"Perfect location","argument_3":"Design Furniture","argument_4":"Wifi","argument_5":"Laundry room","argument_6":"Linen washer","descriptif_quartier":"Ideally located in a popular district of La Pr\u00e9fecture, in the heart of the city center, within easy reach of bars, stores, boutiques and restaurants.","adresse_google_lat":"43.292246981742245","adresse_google_long":"5.380815621464826","adresse":"4 Rue Dieud\u00e9 13006 Marseille","transports":" Tramway T3 <br>M\u00e9tro M1 & 2 5min \u00e0 pied<br>Bus B1 vers Luminy<br>Parking publics \u00e0 proximit\u00e9, tarif r\u00e9sident possible"},"yoast_head":"<!-- This site is optimized with the Yoast SEO plugin v22.7 - https:\/\/yoast.com\/wordpress\/plugins\/seo\/ -->\n<title>Furnished Studio Dieud\u00e9 | Pr\u00e9fecture - Marseille | The Colivers<\/title>\n<meta name=\"description\" content=\"Fully furnished studio in downtown Marseille, in the Pr\u00e9fecture district. Ultra-equipped, bright &amp; very well located. No-obligation contract.\" \/>\n<meta name=\"robots\" content=\"index, follow, max-snippet:-1, max-image-preview:large, max-video-preview:-1\" \/>\n<link rel=\"canonical\" href=\"https:\/\/www.thecolivers.com\/en\/marseille\/studio-dieude-prefecture\/\" \/>\n<meta property=\"og:locale\" content=\"en_US\" \/>\n<meta property=\"og:type\" content=\"article\" \/>\n<meta property=\"og:title\" content=\"Furnished Studio Dieud\u00e9 | Pr\u00e9fecture - Marseille | The Colivers\" \/>\n<meta property=\"og:description\" content=\"Fully furnished studio in downtown Marseille, in the Pr\u00e9fecture district. Ultra-equipped, bright &amp; very well located. No-obligation contract.\" \/>\n<meta property=\"og:url\" content=\"https:\/\/www.thecolivers.com\/en\/marseille\/studio-dieude-prefecture\/\" \/>\n<meta property=\"og:site_name\" content=\"The Colivers\" \/>\n<meta property=\"article:publisher\" content=\"https:\/\/www.facebook.com\/TheColivers\/\" \/>\n<meta property=\"article:modified_time\" content=\"2025-09-17T10:38:59+00:00\" \/>\n<meta property=\"og:image\" content=\"https:\/\/www.thecolivers.com\/wp-content\/uploads\/2023\/11\/studio-marseille-dieude-12-vue-salon-min-scaled.jpg\" \/>\n\t<meta property=\"og:image:width\" content=\"2560\" \/>\n\t<meta property=\"og:image:height\" content=\"1707\" \/>\n\t<meta property=\"og:image:type\" content=\"image\/jpeg\" \/>\n<meta name=\"twitter:card\" content=\"summary_large_image\" \/>\n<script type=\"application\/ld+json\" class=\"yoast-schema-graph\">{\"@context\":\"https:\/\/schema.org\",\"@graph\":[{\"@type\":\"WebPage\",\"@id\":\"https:\/\/www.thecolivers.com\/en\/marseille\/studio-dieude-prefecture\/\",\"url\":\"https:\/\/www.thecolivers.com\/en\/marseille\/studio-dieude-prefecture\/\",\"name\":\"Furnished Studio Dieud\u00e9 | Pr\u00e9fecture - Marseille | The Colivers\",\"isPartOf\":{\"@id\":\"https:\/\/www.thecolivers.com\/en\/#website\"},\"primaryImageOfPage\":{\"@id\":\"https:\/\/www.thecolivers.com\/en\/marseille\/studio-dieude-prefecture\/#primaryimage\"},\"image\":{\"@id\":\"https:\/\/www.thecolivers.com\/en\/marseille\/studio-dieude-prefecture\/#primaryimage\"},\"thumbnailUrl\":\"https:\/\/www.thecolivers.com\/wp-content\/uploads\/2023\/11\/studio-marseille-dieude6-coliving.jpg\",\"datePublished\":\"2023-12-07T16:29:04+00:00\",\"dateModified\":\"2025-09-17T10:38:59+00:00\",\"description\":\"Fully furnished studio in downtown Marseille, in the Pr\u00e9fecture district. Ultra-equipped, bright & very well located. No-obligation contract.\",\"breadcrumb\":{\"@id\":\"https:\/\/www.thecolivers.com\/en\/marseille\/studio-dieude-prefecture\/#breadcrumb\"},\"inLanguage\":\"en-US\",\"potentialAction\":[{\"@type\":\"ReadAction\",\"target\":[\"https:\/\/www.thecolivers.com\/en\/marseille\/studio-dieude-prefecture\/\"]}]},{\"@type\":\"ImageObject\",\"inLanguage\":\"en-US\",\"@id\":\"https:\/\/www.thecolivers.com\/en\/marseille\/studio-dieude-prefecture\/#primaryimage\",\"url\":\"https:\/\/www.thecolivers.com\/wp-content\/uploads\/2023\/11\/studio-marseille-dieude6-coliving.jpg\",\"contentUrl\":\"https:\/\/www.thecolivers.com\/wp-content\/uploads\/2023\/11\/studio-marseille-dieude6-coliving.jpg\",\"width\":2500,\"height\":1666},{\"@type\":\"BreadcrumbList\",\"@id\":\"https:\/\/www.thecolivers.com\/en\/marseille\/studio-dieude-prefecture\/#breadcrumb\",\"itemListElement\":[{\"@type\":\"ListItem\",\"position\":1,\"name\":\"Accueil\",\"item\":\"https:\/\/www.thecolivers.com\/en\/the-colivers-home\/\"},{\"@type\":\"ListItem\",\"position\":2,\"name\":\"Products\",\"item\":\"https:\/\/www.thecolivers.com\/en\/shop\/\"},{\"@type\":\"ListItem\",\"position\":3,\"name\":\"Studio Dieud\u00e9 | Pr\u00e9fecture\"}]},{\"@type\":\"WebSite\",\"@id\":\"https:\/\/www.thecolivers.com\/en\/#website\",\"url\":\"https:\/\/www.thecolivers.com\/en\/\",\"name\":\"The Colivers\",\"description\":\"Places to share in coliving vibes\",\"publisher\":{\"@id\":\"https:\/\/www.thecolivers.com\/en\/#organization\"},\"potentialAction\":[{\"@type\":\"SearchAction\",\"target\":{\"@type\":\"EntryPoint\",\"urlTemplate\":\"https:\/\/www.thecolivers.com\/en\/?s={search_term_string}\"},\"query-input\":\"required name=search_term_string\"}],\"inLanguage\":\"en-US\"},{\"@type\":\"Organization\",\"@id\":\"https:\/\/www.thecolivers.com\/en\/#organization\",\"name\":\"The Colivers\",\"url\":\"https:\/\/www.thecolivers.com\/en\/\",\"logo\":{\"@type\":\"ImageObject\",\"inLanguage\":\"en-US\",\"@id\":\"https:\/\/www.thecolivers.com\/en\/#\/schema\/logo\/image\/\",\"url\":\"https:\/\/www.thecolivers.com\/wp-content\/uploads\/2020\/05\/logo_theColivers.png\",\"contentUrl\":\"https:\/\/www.thecolivers.com\/wp-content\/uploads\/2020\/05\/logo_theColivers.png\",\"width\":1500,\"height\":465,\"caption\":\"The Colivers\"},\"image\":{\"@id\":\"https:\/\/www.thecolivers.com\/en\/#\/schema\/logo\/image\/\"},\"sameAs\":[\"https:\/\/www.facebook.com\/TheColivers\/\",\"https:\/\/www.instagram.com\/thecolivers\/\",\"https:\/\/www.linkedin.com\/company\/the-colivers\/\"]}]}<\/script>\n<!-- \/ Yoast SEO plugin. -->","yoast_head_json":{"title":"Furnished Studio Dieud\u00e9 | Pr\u00e9fecture - Marseille | The Colivers","description":"Fully furnished studio in downtown Marseille, in the Pr\u00e9fecture district. Ultra-equipped, bright & very well located. No-obligation contract.","robots":{"index":"index","follow":"follow","max-snippet":"max-snippet:-1","max-image-preview":"max-image-preview:large","max-video-preview":"max-video-preview:-1"},"canonical":"https:\/\/www.thecolivers.com\/en\/marseille\/studio-dieude-prefecture\/","og_locale":"en_US","og_type":"article","og_title":"Furnished Studio Dieud\u00e9 | Pr\u00e9fecture - Marseille | The Colivers","og_description":"Fully furnished studio in downtown Marseille, in the Pr\u00e9fecture district. Ultra-equipped, bright & very well located. No-obligation contract.","og_url":"https:\/\/www.thecolivers.com\/en\/marseille\/studio-dieude-prefecture\/","og_site_name":"The Colivers","article_publisher":"https:\/\/www.facebook.com\/TheColivers\/","article_modified_time":"2025-09-17T10:38:59+00:00","og_image":[{"width":2560,"height":1707,"url":"https:\/\/www.thecolivers.com\/wp-content\/uploads\/2023\/11\/studio-marseille-dieude-12-vue-salon-min-scaled.jpg","type":"image\/jpeg"}],"twitter_card":"summary_large_image","schema":{"@context":"https:\/\/schema.org","@graph":[{"@type":"WebPage","@id":"https:\/\/www.thecolivers.com\/en\/marseille\/studio-dieude-prefecture\/","url":"https:\/\/www.thecolivers.com\/en\/marseille\/studio-dieude-prefecture\/","name":"Furnished Studio Dieud\u00e9 | Pr\u00e9fecture - Marseille | The Colivers","isPartOf":{"@id":"https:\/\/www.thecolivers.com\/en\/#website"},"primaryImageOfPage":{"@id":"https:\/\/www.thecolivers.com\/en\/marseille\/studio-dieude-prefecture\/#primaryimage"},"image":{"@id":"https:\/\/www.thecolivers.com\/en\/marseille\/studio-dieude-prefecture\/#primaryimage"},"thumbnailUrl":"https:\/\/www.thecolivers.com\/wp-content\/uploads\/2023\/11\/studio-marseille-dieude6-coliving.jpg","datePublished":"2023-12-07T16:29:04+00:00","dateModified":"2025-09-17T10:38:59+00:00","description":"Fully furnished studio in downtown Marseille, in the Pr\u00e9fecture district. Ultra-equipped, bright & very well located. No-obligation contract.","breadcrumb":{"@id":"https:\/\/www.thecolivers.com\/en\/marseille\/studio-dieude-prefecture\/#breadcrumb"},"inLanguage":"en-US","potentialAction":[{"@type":"ReadAction","target":["https:\/\/www.thecolivers.com\/en\/marseille\/studio-dieude-prefecture\/"]}]},{"@type":"ImageObject","inLanguage":"en-US","@id":"https:\/\/www.thecolivers.com\/en\/marseille\/studio-dieude-prefecture\/#primaryimage","url":"https:\/\/www.thecolivers.com\/wp-content\/uploads\/2023\/11\/studio-marseille-dieude6-coliving.jpg","contentUrl":"https:\/\/www.thecolivers.com\/wp-content\/uploads\/2023\/11\/studio-marseille-dieude6-coliving.jpg","width":2500,"height":1666},{"@type":"BreadcrumbList","@id":"https:\/\/www.thecolivers.com\/en\/marseille\/studio-dieude-prefecture\/#breadcrumb","itemListElement":[{"@type":"ListItem","position":1,"name":"Accueil","item":"https:\/\/www.thecolivers.com\/en\/the-colivers-home\/"},{"@type":"ListItem","position":2,"name":"Products","item":"https:\/\/www.thecolivers.com\/en\/shop\/"},{"@type":"ListItem","position":3,"name":"Studio Dieud\u00e9 | Pr\u00e9fecture"}]},{"@type":"WebSite","@id":"https:\/\/www.thecolivers.com\/en\/#website","url":"https:\/\/www.thecolivers.com\/en\/","name":"The Colivers","description":"Places to share in coliving vibes","publisher":{"@id":"https:\/\/www.thecolivers.com\/en\/#organization"},"potentialAction":[{"@type":"SearchAction","target":{"@type":"EntryPoint","urlTemplate":"https:\/\/www.thecolivers.com\/en\/?s={search_term_string}"},"query-input":"required name=search_term_string"}],"inLanguage":"en-US"},{"@type":"Organization","@id":"https:\/\/www.thecolivers.com\/en\/#organization","name":"The Colivers","url":"https:\/\/www.thecolivers.com\/en\/","logo":{"@type":"ImageObject","inLanguage":"en-US","@id":"https:\/\/www.thecolivers.com\/en\/#\/schema\/logo\/image\/","url":"https:\/\/www.thecolivers.com\/wp-content\/uploads\/2020\/05\/logo_theColivers.png","contentUrl":"https:\/\/www.thecolivers.com\/wp-content\/uploads\/2020\/05\/logo_theColivers.png","width":1500,"height":465,"caption":"The Colivers"},"image":{"@id":"https:\/\/www.thecolivers.com\/en\/#\/schema\/logo\/image\/"},"sameAs":["https:\/\/www.facebook.com\/TheColivers\/","https:\/\/www.instagram.com\/thecolivers\/","https:\/\/www.linkedin.com\/company\/the-colivers\/"]}]}},"_links":{"self":[{"href":"https:\/\/www.thecolivers.com\/en\/wp-json\/wp\/v2\/product\/65926"}],"collection":[{"href":"https:\/\/www.thecolivers.com\/en\/wp-json\/wp\/v2\/product"}],"about":[{"href":"https:\/\/www.thecolivers.com\/en\/wp-json\/wp\/v2\/types\/product"}],"version-history":[{"count":1,"href":"https:\/\/www.thecolivers.com\/en\/wp-json\/wp\/v2\/product\/65926\/revisions"}],"predecessor-version":[{"id":176470,"href":"https:\/\/www.thecolivers.com\/en\/wp-json\/wp\/v2\/product\/65926\/revisions\/176470"}],"wp:featuredmedia":[{"embeddable":true,"href":"https:\/\/www.thecolivers.com\/en\/wp-json\/wp\/v2\/media\/176850"}],"wp:attachment":[{"href":"https:\/\/www.thecolivers.com\/en\/wp-json\/wp\/v2\/media?parent=65926"}],"wp:term":[{"taxonomy":"product_cat","embeddable":true,"href":"https:\/\/www.thecolivers.com\/en\/wp-json\/wp\/v2\/product_cat?post=65926"},{"taxonomy":"product_tag","embeddable":true,"href":"https:\/\/www.thecolivers.com\/en\/wp-json\/wp\/v2\/product_tag?post=65926"}],"curies":[{"name":"wp","href":"https:\/\/api.w.org\/{rel}","templated":true}]}}