{"id":65822,"date":"2023-11-13T15:24:37","date_gmt":"2023-12-07T14:11:29","guid":{"rendered":"https:\/\/www.thecolivers.com\/produit\/flat-share-paradis-1-prefecture\/"},"modified":"2026-01-26T12:07:49","modified_gmt":"2026-01-26T11:07:49","slug":"flat-share-paradis1-prefecture","status":"publish","type":"product","link":"https:\/\/www.thecolivers.com\/en\/marseille\/flat-share-paradis1-prefecture\/","title":{"rendered":"Flat share Paradis #1 | Pr\u00e9fecture"},"content":{"rendered":"","protected":false},"excerpt":{"rendered":"","protected":false},"featured_media":50818,"template":"","meta":{"_acf_changed":false,"_joinchat":[]},"product_cat":[114],"product_tag":[202],"acf":{"id_saleforce_record":"a3V5J000000pFx5UAE","Titre H1":"Flat share Paradis #1 | Pr\u00e9fecture | Marseille","soustitre_1_h2":"Private room in a shared apartment, Coliving in Marseille","information_encart":"","information_encart_anglais":"1 availability","description_produit":"Fully furnished 6-bedroom shared apartment, located in downtown Marseille, near the Prefecture, in a bourgeois building with elevator!\n<br>THE APARTMENT: Enjoy a private, air-conditioned 4* room with its own bathroom, featuring a double bed on a mezzanine, a desk, and storage space in a large apartment designed for shared living: a fully equipped open kitchen, a large, bright, and cozy living room, three bathrooms, and a laundry room. \n<br>\ufe0f AMENITIES: kitchen equipped for group living: XL refrigerator, dishwasher, coffee machine, oven, utensils, etc.\n- Washing machine and dryer\n- Reversible air conditioning heating\n- Hotel-style bedding (140 cm * 200 cm)\n- Shower and sinks with storage, illuminated mirrors\n- Designer furniture\n- Double glazing\n- Smart TV\n- Air conditioning in the bedrooms and living room\n- Secure building with elevator.<br>Translated with DeepL.com (free version) \n<br>\ufe0f SERVICES INCLUDED: High-speed Wi-Fi\n- Dedicated customer support\n- Water, electricity, heating, building charges, and Wi-Fi are included in the \u20ac70 package included in the rent.","colocataire_descriptif":"<b>Aline<\/b> 23 ans,<b>Justine<\/b> 31 ans,<b>Charles<\/b> 27 ans,<b>mehdi<\/b> 26 ans,<b>Alessandra<\/b> 32 ans,<b>Hugo<\/b> 31 ans,","date_de_disponibilite":"","date_de_disponibilite_anglais":"Your rental will start 1\/2\/2024","tout_inclus":"All-inclusive (water, electricity, wifi, property charges)","montant_depot_garantie":"800.0","montant_frais_dossier":"380.0","montant_ht":"","cta_visiter":"9ce41be2-c59f-4a65-9554-88c12c5c3f20","cta_liste_attente":"","cta_liste_attente_anglais":"<button data-tf-slider='npV6XYFG' data-tf-transitive-search-params='utm_source, utm_medium, utm_campaign, utm_term, utm_content' data-tf-width='550' data-tf-hide-headers data-tf-iframe-props='title=R\u00e9servation THE COLIVERS' data-tf-medium='snippet' data-tf-hidden='bu=Coliving,cta=listeattente,residence=,ville=Marseille,ressource=Paradis-1,marque=thecolivers,langue=anglais' style='font-family:Oswald,sans-serif;max-width:100%;overflow:hidden;background-color:#000000;color:#FFFFFF;font-size:16px;padding:12px;font-weight:bold;cursor:pointer;text-align:center;text-decoration:none;letter-spacing:1px''>JOIN THE WAINTING LIST<\/button><script src='\/\/embed.typeform.com\/next\/embed.js'><\/script>","cta_contacter":"","cta_contacter_anglais":"<button data-tf-slider='npV6XYFG' data-tf-transitive-search-params='utm_source, utm_medium, utm_campaign, utm_term, utm_content' data-tf-width='550' data-tf-hide-headers data-tf-iframe-props='title=R\u00e9servation THE COLIVERS' data-tf-medium='snippet' data-tf-hidden='bu=Coliving,cta=contact,residence=,ville=Marseille,ressource=Paradis-1,marque=thecolivers,langue=anglais' style='all:unset;font-family:Oswald,sans-serif;display:inline-block;max-width:100%;white-space:nowrap;overflow:hidden;text-overflow:ellipsis;background-color:#FFFFFF;color:#000000;font-size:16px;border-radius:32px;padding:10px;font-weight:bold;cursor:pointer;text-align:center;text-decoration:none;letter-spacing:1px;'>CONTACT US<\/button><script src='\/\/embed.typeform.com\/next\/embed.js'><\/script>","cta_reserver_bloc_produit":"","cta_reserver_bloc_produit_anglais":"","capacite":"6","surface":"","etage":"1","argument_1":"Large volumes","argument_2":"Individual air-conditioning","argument_3":"Laundry room","argument_4":"Perfect location","argument_5":"Hotel-quality bedding","argument_6":"All included","descriptif_quartier":"Ideally located in a popular district of La Pr\u00e9fecture, in the heart of the city center, within easy reach of bars, stores, boutiques and restaurants.","adresse_google_lat":"43.28923652512519","adresse_google_long":"5.378402061375827","adresse":"104 Rue Paradis 13006 Marseille","transports":" Tramway T3 <br>M\u00e9tro M1 & 2 5min \u00e0 pied<br>Bus B1 vers Luminy<br>Parking publics \u00e0 proximit\u00e9, tarif r\u00e9sident possible"},"yoast_head":"<!-- This site is optimized with the Yoast SEO plugin v22.7 - https:\/\/yoast.com\/wordpress\/plugins\/seo\/ -->\n<title>Flat Share Paradis |Pr\u00e9fecture District - Marseille | The Colivers<\/title>\n<meta name=\"description\" content=\"Large 6-bedroom shared apartment located in the Pr\u00e9fecture district, downtown Marseille. Ultra-equipped, private bathroom &amp; conveniently located!\" \/>\n<meta name=\"robots\" content=\"index, follow, max-snippet:-1, max-image-preview:large, max-video-preview:-1\" \/>\n<link rel=\"canonical\" href=\"https:\/\/www.thecolivers.com\/en\/marseille\/flat-share-paradis1-prefecture\/\" \/>\n<meta property=\"og:locale\" content=\"en_US\" \/>\n<meta property=\"og:type\" content=\"article\" \/>\n<meta property=\"og:title\" content=\"Flat Share Paradis |Pr\u00e9fecture District - Marseille | The Colivers\" \/>\n<meta property=\"og:description\" content=\"Large 6-bedroom shared apartment located in the Pr\u00e9fecture district, downtown Marseille. Ultra-equipped, private bathroom &amp; conveniently located!\" \/>\n<meta property=\"og:url\" content=\"https:\/\/www.thecolivers.com\/en\/marseille\/flat-share-paradis1-prefecture\/\" \/>\n<meta property=\"og:site_name\" content=\"The Colivers\" \/>\n<meta property=\"article:publisher\" content=\"https:\/\/www.facebook.com\/TheColivers\/\" \/>\n<meta property=\"article:modified_time\" content=\"2026-01-26T11:07:49+00:00\" \/>\n<meta property=\"og:image\" content=\"https:\/\/www.thecolivers.com\/wp-content\/uploads\/2023\/11\/colocation-paradis1-salon.webp\" \/>\n\t<meta property=\"og:image:width\" content=\"2379\" \/>\n\t<meta property=\"og:image:height\" content=\"1586\" \/>\n\t<meta property=\"og:image:type\" content=\"image\/webp\" \/>\n<meta name=\"twitter:card\" content=\"summary_large_image\" \/>\n<script type=\"application\/ld+json\" class=\"yoast-schema-graph\">{\"@context\":\"https:\/\/schema.org\",\"@graph\":[{\"@type\":\"WebPage\",\"@id\":\"https:\/\/www.thecolivers.com\/en\/marseille\/flat-share-paradis1-prefecture\/\",\"url\":\"https:\/\/www.thecolivers.com\/en\/marseille\/flat-share-paradis1-prefecture\/\",\"name\":\"Flat Share Paradis |Pr\u00e9fecture District - Marseille | The Colivers\",\"isPartOf\":{\"@id\":\"https:\/\/www.thecolivers.com\/en\/#website\"},\"primaryImageOfPage\":{\"@id\":\"https:\/\/www.thecolivers.com\/en\/marseille\/flat-share-paradis1-prefecture\/#primaryimage\"},\"image\":{\"@id\":\"https:\/\/www.thecolivers.com\/en\/marseille\/flat-share-paradis1-prefecture\/#primaryimage\"},\"thumbnailUrl\":\"https:\/\/www.thecolivers.com\/wp-content\/uploads\/2023\/11\/colocation-paradis1-salon.webp\",\"datePublished\":\"2023-12-07T14:11:29+00:00\",\"dateModified\":\"2026-01-26T11:07:49+00:00\",\"description\":\"Large 6-bedroom shared apartment located in the Pr\u00e9fecture district, downtown Marseille. Ultra-equipped, private bathroom & conveniently located!\",\"breadcrumb\":{\"@id\":\"https:\/\/www.thecolivers.com\/en\/marseille\/flat-share-paradis1-prefecture\/#breadcrumb\"},\"inLanguage\":\"en-US\",\"potentialAction\":[{\"@type\":\"ReadAction\",\"target\":[\"https:\/\/www.thecolivers.com\/en\/marseille\/flat-share-paradis1-prefecture\/\"]}]},{\"@type\":\"ImageObject\",\"inLanguage\":\"en-US\",\"@id\":\"https:\/\/www.thecolivers.com\/en\/marseille\/flat-share-paradis1-prefecture\/#primaryimage\",\"url\":\"https:\/\/www.thecolivers.com\/wp-content\/uploads\/2023\/11\/colocation-paradis1-salon.webp\",\"contentUrl\":\"https:\/\/www.thecolivers.com\/wp-content\/uploads\/2023\/11\/colocation-paradis1-salon.webp\",\"width\":2379,\"height\":1586},{\"@type\":\"BreadcrumbList\",\"@id\":\"https:\/\/www.thecolivers.com\/en\/marseille\/flat-share-paradis1-prefecture\/#breadcrumb\",\"itemListElement\":[{\"@type\":\"ListItem\",\"position\":1,\"name\":\"Accueil\",\"item\":\"https:\/\/www.thecolivers.com\/en\/the-colivers-home\/\"},{\"@type\":\"ListItem\",\"position\":2,\"name\":\"Products\",\"item\":\"https:\/\/www.thecolivers.com\/en\/shop\/\"},{\"@type\":\"ListItem\",\"position\":3,\"name\":\"Flat share Paradis #1 | Pr\u00e9fecture\"}]},{\"@type\":\"WebSite\",\"@id\":\"https:\/\/www.thecolivers.com\/en\/#website\",\"url\":\"https:\/\/www.thecolivers.com\/en\/\",\"name\":\"The Colivers\",\"description\":\"Places to share in coliving vibes\",\"publisher\":{\"@id\":\"https:\/\/www.thecolivers.com\/en\/#organization\"},\"potentialAction\":[{\"@type\":\"SearchAction\",\"target\":{\"@type\":\"EntryPoint\",\"urlTemplate\":\"https:\/\/www.thecolivers.com\/en\/?s={search_term_string}\"},\"query-input\":\"required name=search_term_string\"}],\"inLanguage\":\"en-US\"},{\"@type\":\"Organization\",\"@id\":\"https:\/\/www.thecolivers.com\/en\/#organization\",\"name\":\"The Colivers\",\"url\":\"https:\/\/www.thecolivers.com\/en\/\",\"logo\":{\"@type\":\"ImageObject\",\"inLanguage\":\"en-US\",\"@id\":\"https:\/\/www.thecolivers.com\/en\/#\/schema\/logo\/image\/\",\"url\":\"https:\/\/www.thecolivers.com\/wp-content\/uploads\/2020\/05\/logo_theColivers.png\",\"contentUrl\":\"https:\/\/www.thecolivers.com\/wp-content\/uploads\/2020\/05\/logo_theColivers.png\",\"width\":1500,\"height\":465,\"caption\":\"The Colivers\"},\"image\":{\"@id\":\"https:\/\/www.thecolivers.com\/en\/#\/schema\/logo\/image\/\"},\"sameAs\":[\"https:\/\/www.facebook.com\/TheColivers\/\",\"https:\/\/www.instagram.com\/thecolivers\/\",\"https:\/\/www.linkedin.com\/company\/the-colivers\/\"]}]}<\/script>\n<!-- \/ Yoast SEO plugin. -->","yoast_head_json":{"title":"Flat Share Paradis |Pr\u00e9fecture District - Marseille | The Colivers","description":"Large 6-bedroom shared apartment located in the Pr\u00e9fecture district, downtown Marseille. Ultra-equipped, private bathroom & conveniently located!","robots":{"index":"index","follow":"follow","max-snippet":"max-snippet:-1","max-image-preview":"max-image-preview:large","max-video-preview":"max-video-preview:-1"},"canonical":"https:\/\/www.thecolivers.com\/en\/marseille\/flat-share-paradis1-prefecture\/","og_locale":"en_US","og_type":"article","og_title":"Flat Share Paradis |Pr\u00e9fecture District - Marseille | The Colivers","og_description":"Large 6-bedroom shared apartment located in the Pr\u00e9fecture district, downtown Marseille. Ultra-equipped, private bathroom & conveniently located!","og_url":"https:\/\/www.thecolivers.com\/en\/marseille\/flat-share-paradis1-prefecture\/","og_site_name":"The Colivers","article_publisher":"https:\/\/www.facebook.com\/TheColivers\/","article_modified_time":"2026-01-26T11:07:49+00:00","og_image":[{"width":2379,"height":1586,"url":"https:\/\/www.thecolivers.com\/wp-content\/uploads\/2023\/11\/colocation-paradis1-salon.webp","type":"image\/webp"}],"twitter_card":"summary_large_image","schema":{"@context":"https:\/\/schema.org","@graph":[{"@type":"WebPage","@id":"https:\/\/www.thecolivers.com\/en\/marseille\/flat-share-paradis1-prefecture\/","url":"https:\/\/www.thecolivers.com\/en\/marseille\/flat-share-paradis1-prefecture\/","name":"Flat Share Paradis |Pr\u00e9fecture District - Marseille | The Colivers","isPartOf":{"@id":"https:\/\/www.thecolivers.com\/en\/#website"},"primaryImageOfPage":{"@id":"https:\/\/www.thecolivers.com\/en\/marseille\/flat-share-paradis1-prefecture\/#primaryimage"},"image":{"@id":"https:\/\/www.thecolivers.com\/en\/marseille\/flat-share-paradis1-prefecture\/#primaryimage"},"thumbnailUrl":"https:\/\/www.thecolivers.com\/wp-content\/uploads\/2023\/11\/colocation-paradis1-salon.webp","datePublished":"2023-12-07T14:11:29+00:00","dateModified":"2026-01-26T11:07:49+00:00","description":"Large 6-bedroom shared apartment located in the Pr\u00e9fecture district, downtown Marseille. Ultra-equipped, private bathroom & conveniently located!","breadcrumb":{"@id":"https:\/\/www.thecolivers.com\/en\/marseille\/flat-share-paradis1-prefecture\/#breadcrumb"},"inLanguage":"en-US","potentialAction":[{"@type":"ReadAction","target":["https:\/\/www.thecolivers.com\/en\/marseille\/flat-share-paradis1-prefecture\/"]}]},{"@type":"ImageObject","inLanguage":"en-US","@id":"https:\/\/www.thecolivers.com\/en\/marseille\/flat-share-paradis1-prefecture\/#primaryimage","url":"https:\/\/www.thecolivers.com\/wp-content\/uploads\/2023\/11\/colocation-paradis1-salon.webp","contentUrl":"https:\/\/www.thecolivers.com\/wp-content\/uploads\/2023\/11\/colocation-paradis1-salon.webp","width":2379,"height":1586},{"@type":"BreadcrumbList","@id":"https:\/\/www.thecolivers.com\/en\/marseille\/flat-share-paradis1-prefecture\/#breadcrumb","itemListElement":[{"@type":"ListItem","position":1,"name":"Accueil","item":"https:\/\/www.thecolivers.com\/en\/the-colivers-home\/"},{"@type":"ListItem","position":2,"name":"Products","item":"https:\/\/www.thecolivers.com\/en\/shop\/"},{"@type":"ListItem","position":3,"name":"Flat share Paradis #1 | Pr\u00e9fecture"}]},{"@type":"WebSite","@id":"https:\/\/www.thecolivers.com\/en\/#website","url":"https:\/\/www.thecolivers.com\/en\/","name":"The Colivers","description":"Places to share in coliving vibes","publisher":{"@id":"https:\/\/www.thecolivers.com\/en\/#organization"},"potentialAction":[{"@type":"SearchAction","target":{"@type":"EntryPoint","urlTemplate":"https:\/\/www.thecolivers.com\/en\/?s={search_term_string}"},"query-input":"required name=search_term_string"}],"inLanguage":"en-US"},{"@type":"Organization","@id":"https:\/\/www.thecolivers.com\/en\/#organization","name":"The Colivers","url":"https:\/\/www.thecolivers.com\/en\/","logo":{"@type":"ImageObject","inLanguage":"en-US","@id":"https:\/\/www.thecolivers.com\/en\/#\/schema\/logo\/image\/","url":"https:\/\/www.thecolivers.com\/wp-content\/uploads\/2020\/05\/logo_theColivers.png","contentUrl":"https:\/\/www.thecolivers.com\/wp-content\/uploads\/2020\/05\/logo_theColivers.png","width":1500,"height":465,"caption":"The Colivers"},"image":{"@id":"https:\/\/www.thecolivers.com\/en\/#\/schema\/logo\/image\/"},"sameAs":["https:\/\/www.facebook.com\/TheColivers\/","https:\/\/www.instagram.com\/thecolivers\/","https:\/\/www.linkedin.com\/company\/the-colivers\/"]}]}},"_links":{"self":[{"href":"https:\/\/www.thecolivers.com\/en\/wp-json\/wp\/v2\/product\/65822"}],"collection":[{"href":"https:\/\/www.thecolivers.com\/en\/wp-json\/wp\/v2\/product"}],"about":[{"href":"https:\/\/www.thecolivers.com\/en\/wp-json\/wp\/v2\/types\/product"}],"version-history":[{"count":1,"href":"https:\/\/www.thecolivers.com\/en\/wp-json\/wp\/v2\/product\/65822\/revisions"}],"predecessor-version":[{"id":177140,"href":"https:\/\/www.thecolivers.com\/en\/wp-json\/wp\/v2\/product\/65822\/revisions\/177140"}],"wp:featuredmedia":[{"embeddable":true,"href":"https:\/\/www.thecolivers.com\/en\/wp-json\/wp\/v2\/media\/50818"}],"wp:attachment":[{"href":"https:\/\/www.thecolivers.com\/en\/wp-json\/wp\/v2\/media?parent=65822"}],"wp:term":[{"taxonomy":"product_cat","embeddable":true,"href":"https:\/\/www.thecolivers.com\/en\/wp-json\/wp\/v2\/product_cat?post=65822"},{"taxonomy":"product_tag","embeddable":true,"href":"https:\/\/www.thecolivers.com\/en\/wp-json\/wp\/v2\/product_tag?post=65822"}],"curies":[{"name":"wp","href":"https:\/\/api.w.org\/{rel}","templated":true}]}}