{"id":65740,"date":"2023-11-13T15:24:44","date_gmt":"2023-12-07T11:20:32","guid":{"rendered":"https:\/\/www.thecolivers.com\/produit\/flat-share-fongate-4-prefecture\/"},"modified":"2026-01-26T12:37:16","modified_gmt":"2026-01-26T11:37:16","slug":"flat-share-fongate4-prefecture","status":"publish","type":"product","link":"https:\/\/www.thecolivers.com\/en\/marseille\/flat-share-fongate4-prefecture\/","title":{"rendered":"Flat share Fongate #4 | Pr\u00e9fecture"},"content":{"rendered":"","protected":false},"excerpt":{"rendered":"","protected":false},"featured_media":52867,"template":"","meta":{"_acf_changed":false,"_joinchat":[]},"product_cat":[114],"product_tag":[202],"acf":{"id_saleforce_record":"a3V5J000000pFzTUAU","Titre H1":"Flat share Fongate #4 | Pr\u00e9fecture | Marseille","soustitre_1_h2":"Private room in a shared apartment, Coliving in Marseille","information_encart":"","information_encart_anglais":"On waiting list","description_produit":"Fully furnished 3-bedroom shared apartment with balcony, located between the Pr\u00e9fecture and Cours Julien.\n<br>THE APARTMENT: Enjoy a private 4-star room with a sofa bed, desk, and storage space in an apartment designed for shared living: open-plan kitchen, bright living room, toilet, bathroom. \n<br>\ufe0f AMENITIES: kitchen equipped for shared living: refrigerator, dishwasher, coffee machines, oven, utensils, etc.\n- 1 washing machine\n- Individual heating\n- Reversible air conditioning\n- Shower and sinks with storage, mirror\n- Designer furniture\n- Double glazing\n- Smart TV\n- Secure building \n<br>\ufe0f SERVICES INCLUDED: High-speed Wi-Fi\n- Dedicated customer support","colocataire_descriptif":"<b>Matthieu<\/b> 30 ans,<b>Tobias<\/b> 34 ans,<b>Gaspard<\/b> 23 ans,","date_de_disponibilite":"","date_de_disponibilite_anglais":"Your rental will start 6\/5\/2035","tout_inclus":"All-inclusive (water, electricity, wifi, property charges)","montant_depot_garantie":"800.0","montant_frais_dossier":"380.0","montant_ht":"","cta_visiter":"","cta_liste_attente":"","cta_liste_attente_anglais":"<button data-tf-slider='npV6XYFG' data-tf-transitive-search-params='utm_source, utm_medium, utm_campaign, utm_term, utm_content' data-tf-width='550' data-tf-hide-headers data-tf-iframe-props='title=R\u00e9servation THE COLIVERS' data-tf-medium='snippet' data-tf-hidden='bu=Coliving,cta=listeattente,residence=,ville=Marseille,ressource=Fongate-4,marque=thecolivers,langue=anglais' style='font-family:Oswald,sans-serif;max-width:100%;overflow:hidden;background-color:#000000;color:#FFFFFF;font-size:16px;padding:12px;font-weight:bold;cursor:pointer;text-align:center;text-decoration:none;letter-spacing:1px''>JOIN THE WAINTING LIST<\/button><script src='\/\/embed.typeform.com\/next\/embed.js'><\/script>","cta_contacter":"","cta_contacter_anglais":"<button data-tf-slider='npV6XYFG' data-tf-transitive-search-params='utm_source, utm_medium, utm_campaign, utm_term, utm_content' data-tf-width='550' data-tf-hide-headers data-tf-iframe-props='title=R\u00e9servation THE COLIVERS' data-tf-medium='snippet' data-tf-hidden='bu=Coliving,cta=contact,residence=,ville=Marseille,ressource=Fongate-4,marque=thecolivers,langue=anglais' style='all:unset;font-family:Oswald,sans-serif;display:inline-block;max-width:100%;white-space:nowrap;overflow:hidden;text-overflow:ellipsis;background-color:#FFFFFF;color:#000000;font-size:16px;border-radius:32px;padding:10px;font-weight:bold;cursor:pointer;text-align:center;text-decoration:none;letter-spacing:1px;'>CONTACT US<\/button><script src='\/\/embed.typeform.com\/next\/embed.js'><\/script>","cta_reserver_bloc_produit":"","cta_reserver_bloc_produit_anglais":"","capacite":"3","surface":"","etage":"","argument_1":"Air conditioning","argument_2":"Balcony","argument_3":"XL fitted kitchen","argument_4":"Quiet","argument_5":"Design Furniture","argument_6":"All included","descriptif_quartier":"Ideally located in a popular district of La Pr\u00e9fecture, in the heart of the city center, within easy reach of bars, stores, boutiques and restaurants.","adresse_google_lat":"43.292330844680144","adresse_google_long":"5.382369520150148","adresse":"33 Rue Fongate 13006 Marseille","transports":" Tramway T3 <br>M\u00e9tro M1 & 2 5min \u00e0 pied<br>Bus B1 vers Luminy<br>Parking publics \u00e0 proximit\u00e9, tarif r\u00e9sident possible"},"yoast_head":"<!-- This site is optimized with the Yoast SEO plugin v22.7 - https:\/\/yoast.com\/wordpress\/plugins\/seo\/ -->\n<title>Flat Share Fongate | Pr\u00e9fecture - Marseille center | The Colivers<\/title>\n<meta name=\"description\" content=\"Colocation Meubl\u00e9e de 3 grandes Chambres situ\u00e9e dans le quartier Pr\u00e9fecture, au centre de Marseille. Ultra-Equip\u00e9e, Balcon &amp; Tr\u00e8s bien situ\u00e9e!\" \/>\n<meta name=\"robots\" content=\"index, follow, max-snippet:-1, max-image-preview:large, max-video-preview:-1\" \/>\n<link rel=\"canonical\" href=\"https:\/\/www.thecolivers.com\/en\/marseille\/flat-share-fongate4-prefecture\/\" \/>\n<meta property=\"og:locale\" content=\"en_US\" \/>\n<meta property=\"og:type\" content=\"article\" \/>\n<meta property=\"og:title\" content=\"Flat Share Fongate | Pr\u00e9fecture - Marseille center | The Colivers\" \/>\n<meta property=\"og:description\" content=\"Colocation Meubl\u00e9e de 3 grandes Chambres situ\u00e9e dans le quartier Pr\u00e9fecture, au centre de Marseille. Ultra-Equip\u00e9e, Balcon &amp; Tr\u00e8s bien situ\u00e9e!\" \/>\n<meta property=\"og:url\" content=\"https:\/\/www.thecolivers.com\/en\/marseille\/flat-share-fongate4-prefecture\/\" \/>\n<meta property=\"og:site_name\" content=\"The Colivers\" \/>\n<meta property=\"article:publisher\" content=\"https:\/\/www.facebook.com\/TheColivers\/\" \/>\n<meta property=\"article:modified_time\" content=\"2026-01-26T11:37:16+00:00\" \/>\n<meta property=\"og:image\" content=\"https:\/\/www.thecolivers.com\/wp-content\/uploads\/2023\/11\/colocation-marseille-fongate-4-3-salon-2.webp\" \/>\n\t<meta property=\"og:image:width\" content=\"2266\" \/>\n\t<meta property=\"og:image:height\" content=\"1501\" \/>\n\t<meta property=\"og:image:type\" content=\"image\/webp\" \/>\n<meta name=\"twitter:card\" content=\"summary_large_image\" \/>\n<script type=\"application\/ld+json\" class=\"yoast-schema-graph\">{\"@context\":\"https:\/\/schema.org\",\"@graph\":[{\"@type\":\"WebPage\",\"@id\":\"https:\/\/www.thecolivers.com\/en\/marseille\/flat-share-fongate4-prefecture\/\",\"url\":\"https:\/\/www.thecolivers.com\/en\/marseille\/flat-share-fongate4-prefecture\/\",\"name\":\"Flat Share Fongate | Pr\u00e9fecture - Marseille center | The Colivers\",\"isPartOf\":{\"@id\":\"https:\/\/www.thecolivers.com\/en\/#website\"},\"primaryImageOfPage\":{\"@id\":\"https:\/\/www.thecolivers.com\/en\/marseille\/flat-share-fongate4-prefecture\/#primaryimage\"},\"image\":{\"@id\":\"https:\/\/www.thecolivers.com\/en\/marseille\/flat-share-fongate4-prefecture\/#primaryimage\"},\"thumbnailUrl\":\"https:\/\/www.thecolivers.com\/wp-content\/uploads\/2023\/11\/colocation-marseille-fongate-4-3-salon-2.webp\",\"datePublished\":\"2023-12-07T11:20:32+00:00\",\"dateModified\":\"2026-01-26T11:37:16+00:00\",\"description\":\"Colocation Meubl\u00e9e de 3 grandes Chambres situ\u00e9e dans le quartier Pr\u00e9fecture, au centre de Marseille. Ultra-Equip\u00e9e, Balcon & Tr\u00e8s bien situ\u00e9e!\",\"breadcrumb\":{\"@id\":\"https:\/\/www.thecolivers.com\/en\/marseille\/flat-share-fongate4-prefecture\/#breadcrumb\"},\"inLanguage\":\"en-US\",\"potentialAction\":[{\"@type\":\"ReadAction\",\"target\":[\"https:\/\/www.thecolivers.com\/en\/marseille\/flat-share-fongate4-prefecture\/\"]}]},{\"@type\":\"ImageObject\",\"inLanguage\":\"en-US\",\"@id\":\"https:\/\/www.thecolivers.com\/en\/marseille\/flat-share-fongate4-prefecture\/#primaryimage\",\"url\":\"https:\/\/www.thecolivers.com\/wp-content\/uploads\/2023\/11\/colocation-marseille-fongate-4-3-salon-2.webp\",\"contentUrl\":\"https:\/\/www.thecolivers.com\/wp-content\/uploads\/2023\/11\/colocation-marseille-fongate-4-3-salon-2.webp\",\"width\":2266,\"height\":1501},{\"@type\":\"BreadcrumbList\",\"@id\":\"https:\/\/www.thecolivers.com\/en\/marseille\/flat-share-fongate4-prefecture\/#breadcrumb\",\"itemListElement\":[{\"@type\":\"ListItem\",\"position\":1,\"name\":\"Accueil\",\"item\":\"https:\/\/www.thecolivers.com\/en\/the-colivers-home\/\"},{\"@type\":\"ListItem\",\"position\":2,\"name\":\"Products\",\"item\":\"https:\/\/www.thecolivers.com\/en\/shop\/\"},{\"@type\":\"ListItem\",\"position\":3,\"name\":\"Flat share Fongate #4 | Pr\u00e9fecture\"}]},{\"@type\":\"WebSite\",\"@id\":\"https:\/\/www.thecolivers.com\/en\/#website\",\"url\":\"https:\/\/www.thecolivers.com\/en\/\",\"name\":\"The Colivers\",\"description\":\"Places to share in coliving vibes\",\"publisher\":{\"@id\":\"https:\/\/www.thecolivers.com\/en\/#organization\"},\"potentialAction\":[{\"@type\":\"SearchAction\",\"target\":{\"@type\":\"EntryPoint\",\"urlTemplate\":\"https:\/\/www.thecolivers.com\/en\/?s={search_term_string}\"},\"query-input\":\"required name=search_term_string\"}],\"inLanguage\":\"en-US\"},{\"@type\":\"Organization\",\"@id\":\"https:\/\/www.thecolivers.com\/en\/#organization\",\"name\":\"The Colivers\",\"url\":\"https:\/\/www.thecolivers.com\/en\/\",\"logo\":{\"@type\":\"ImageObject\",\"inLanguage\":\"en-US\",\"@id\":\"https:\/\/www.thecolivers.com\/en\/#\/schema\/logo\/image\/\",\"url\":\"https:\/\/www.thecolivers.com\/wp-content\/uploads\/2020\/05\/logo_theColivers.png\",\"contentUrl\":\"https:\/\/www.thecolivers.com\/wp-content\/uploads\/2020\/05\/logo_theColivers.png\",\"width\":1500,\"height\":465,\"caption\":\"The Colivers\"},\"image\":{\"@id\":\"https:\/\/www.thecolivers.com\/en\/#\/schema\/logo\/image\/\"},\"sameAs\":[\"https:\/\/www.facebook.com\/TheColivers\/\",\"https:\/\/www.instagram.com\/thecolivers\/\",\"https:\/\/www.linkedin.com\/company\/the-colivers\/\"]}]}<\/script>\n<!-- \/ Yoast SEO plugin. -->","yoast_head_json":{"title":"Flat Share Fongate | Pr\u00e9fecture - Marseille center | The Colivers","description":"Colocation Meubl\u00e9e de 3 grandes Chambres situ\u00e9e dans le quartier Pr\u00e9fecture, au centre de Marseille. Ultra-Equip\u00e9e, Balcon & Tr\u00e8s bien situ\u00e9e!","robots":{"index":"index","follow":"follow","max-snippet":"max-snippet:-1","max-image-preview":"max-image-preview:large","max-video-preview":"max-video-preview:-1"},"canonical":"https:\/\/www.thecolivers.com\/en\/marseille\/flat-share-fongate4-prefecture\/","og_locale":"en_US","og_type":"article","og_title":"Flat Share Fongate | Pr\u00e9fecture - Marseille center | The Colivers","og_description":"Colocation Meubl\u00e9e de 3 grandes Chambres situ\u00e9e dans le quartier Pr\u00e9fecture, au centre de Marseille. Ultra-Equip\u00e9e, Balcon & Tr\u00e8s bien situ\u00e9e!","og_url":"https:\/\/www.thecolivers.com\/en\/marseille\/flat-share-fongate4-prefecture\/","og_site_name":"The Colivers","article_publisher":"https:\/\/www.facebook.com\/TheColivers\/","article_modified_time":"2026-01-26T11:37:16+00:00","og_image":[{"width":2266,"height":1501,"url":"https:\/\/www.thecolivers.com\/wp-content\/uploads\/2023\/11\/colocation-marseille-fongate-4-3-salon-2.webp","type":"image\/webp"}],"twitter_card":"summary_large_image","schema":{"@context":"https:\/\/schema.org","@graph":[{"@type":"WebPage","@id":"https:\/\/www.thecolivers.com\/en\/marseille\/flat-share-fongate4-prefecture\/","url":"https:\/\/www.thecolivers.com\/en\/marseille\/flat-share-fongate4-prefecture\/","name":"Flat Share Fongate | Pr\u00e9fecture - Marseille center | The Colivers","isPartOf":{"@id":"https:\/\/www.thecolivers.com\/en\/#website"},"primaryImageOfPage":{"@id":"https:\/\/www.thecolivers.com\/en\/marseille\/flat-share-fongate4-prefecture\/#primaryimage"},"image":{"@id":"https:\/\/www.thecolivers.com\/en\/marseille\/flat-share-fongate4-prefecture\/#primaryimage"},"thumbnailUrl":"https:\/\/www.thecolivers.com\/wp-content\/uploads\/2023\/11\/colocation-marseille-fongate-4-3-salon-2.webp","datePublished":"2023-12-07T11:20:32+00:00","dateModified":"2026-01-26T11:37:16+00:00","description":"Colocation Meubl\u00e9e de 3 grandes Chambres situ\u00e9e dans le quartier Pr\u00e9fecture, au centre de Marseille. Ultra-Equip\u00e9e, Balcon & Tr\u00e8s bien situ\u00e9e!","breadcrumb":{"@id":"https:\/\/www.thecolivers.com\/en\/marseille\/flat-share-fongate4-prefecture\/#breadcrumb"},"inLanguage":"en-US","potentialAction":[{"@type":"ReadAction","target":["https:\/\/www.thecolivers.com\/en\/marseille\/flat-share-fongate4-prefecture\/"]}]},{"@type":"ImageObject","inLanguage":"en-US","@id":"https:\/\/www.thecolivers.com\/en\/marseille\/flat-share-fongate4-prefecture\/#primaryimage","url":"https:\/\/www.thecolivers.com\/wp-content\/uploads\/2023\/11\/colocation-marseille-fongate-4-3-salon-2.webp","contentUrl":"https:\/\/www.thecolivers.com\/wp-content\/uploads\/2023\/11\/colocation-marseille-fongate-4-3-salon-2.webp","width":2266,"height":1501},{"@type":"BreadcrumbList","@id":"https:\/\/www.thecolivers.com\/en\/marseille\/flat-share-fongate4-prefecture\/#breadcrumb","itemListElement":[{"@type":"ListItem","position":1,"name":"Accueil","item":"https:\/\/www.thecolivers.com\/en\/the-colivers-home\/"},{"@type":"ListItem","position":2,"name":"Products","item":"https:\/\/www.thecolivers.com\/en\/shop\/"},{"@type":"ListItem","position":3,"name":"Flat share Fongate #4 | Pr\u00e9fecture"}]},{"@type":"WebSite","@id":"https:\/\/www.thecolivers.com\/en\/#website","url":"https:\/\/www.thecolivers.com\/en\/","name":"The Colivers","description":"Places to share in coliving vibes","publisher":{"@id":"https:\/\/www.thecolivers.com\/en\/#organization"},"potentialAction":[{"@type":"SearchAction","target":{"@type":"EntryPoint","urlTemplate":"https:\/\/www.thecolivers.com\/en\/?s={search_term_string}"},"query-input":"required name=search_term_string"}],"inLanguage":"en-US"},{"@type":"Organization","@id":"https:\/\/www.thecolivers.com\/en\/#organization","name":"The Colivers","url":"https:\/\/www.thecolivers.com\/en\/","logo":{"@type":"ImageObject","inLanguage":"en-US","@id":"https:\/\/www.thecolivers.com\/en\/#\/schema\/logo\/image\/","url":"https:\/\/www.thecolivers.com\/wp-content\/uploads\/2020\/05\/logo_theColivers.png","contentUrl":"https:\/\/www.thecolivers.com\/wp-content\/uploads\/2020\/05\/logo_theColivers.png","width":1500,"height":465,"caption":"The Colivers"},"image":{"@id":"https:\/\/www.thecolivers.com\/en\/#\/schema\/logo\/image\/"},"sameAs":["https:\/\/www.facebook.com\/TheColivers\/","https:\/\/www.instagram.com\/thecolivers\/","https:\/\/www.linkedin.com\/company\/the-colivers\/"]}]}},"_links":{"self":[{"href":"https:\/\/www.thecolivers.com\/en\/wp-json\/wp\/v2\/product\/65740"}],"collection":[{"href":"https:\/\/www.thecolivers.com\/en\/wp-json\/wp\/v2\/product"}],"about":[{"href":"https:\/\/www.thecolivers.com\/en\/wp-json\/wp\/v2\/types\/product"}],"version-history":[{"count":1,"href":"https:\/\/www.thecolivers.com\/en\/wp-json\/wp\/v2\/product\/65740\/revisions"}],"predecessor-version":[{"id":177146,"href":"https:\/\/www.thecolivers.com\/en\/wp-json\/wp\/v2\/product\/65740\/revisions\/177146"}],"wp:featuredmedia":[{"embeddable":true,"href":"https:\/\/www.thecolivers.com\/en\/wp-json\/wp\/v2\/media\/52867"}],"wp:attachment":[{"href":"https:\/\/www.thecolivers.com\/en\/wp-json\/wp\/v2\/media?parent=65740"}],"wp:term":[{"taxonomy":"product_cat","embeddable":true,"href":"https:\/\/www.thecolivers.com\/en\/wp-json\/wp\/v2\/product_cat?post=65740"},{"taxonomy":"product_tag","embeddable":true,"href":"https:\/\/www.thecolivers.com\/en\/wp-json\/wp\/v2\/product_tag?post=65740"}],"curies":[{"name":"wp","href":"https:\/\/api.w.org\/{rel}","templated":true}]}}