{"id":65553,"date":"2023-11-13T15:24:37","date_gmt":"2023-12-06T14:59:17","guid":{"rendered":"https:\/\/www.thecolivers.com\/produit\/flat-share-liberte-reformes\/"},"modified":"2023-12-13T16:00:44","modified_gmt":"2023-12-13T15:00:44","slug":"flat-share-liberte-reformes","status":"publish","type":"product","link":"https:\/\/www.thecolivers.com\/en\/marseille\/flat-share-liberte-reformes\/","title":{"rendered":"Flat share Libert\u00e9 | R\u00e9form\u00e9s"},"content":{"rendered":"","protected":false},"excerpt":{"rendered":"","protected":false},"featured_media":52601,"template":"","meta":{"_acf_changed":false,"_joinchat":[]},"product_cat":[114],"product_tag":[202],"acf":{"id_saleforce_record":"a3V5J000000pFwzUAE","Titre H1":"Flat share Libert\u00e9 | R\u00e9form\u00e9s | Marseille","soustitre_1_h2":"Private room in a shared apartment, Coliving in Marseille","information_encart":"","information_encart_anglais":"2 availability","description_produit":"Large, fully-furnished 6-bedroom shared apartment located in downtown Marseille, near Place des R\u00e9form\u00e9s, in a listed Art-deco building with elevator.\n<br>\n?\u200d?\u200d?\u200d\u200d\u200d THE APARTMENT: Enjoy a private 4* room with double bed, desk and storage in a large apartment designed for group living: ultra-equipped open kitchen, large, bright and cozy living room, laundry room, two toilets and three bathrooms. \n<br>\n ?\ufe0f\ufe0f EQUIPMENT: kitchen equipped for group living: XL fridge, dishwasher, coffee machine, oven, utensils...\n- washing machines and tumble dryers\n- hotel bedding (140 cm * 200 cm)\n- shower and washbasins with storage, illuminated mirrors\n- designer furniture, wood mouldings. \n- double glazing\n- smart TV\n- Secure building (access by digicode, two doors with airlock) with lift.\n<br>\n?\ufe0f SERVICES INCLUDED: high-speed Wi-Fi - dedicated customer support - water, electricity and building charges\n\n","colocataire_descriptif":"<b>Thibault<\/b> 35 ans,<b>Ryan<\/b> 31 ans,<b>Ana maria<\/b> 41 ans,<b>Jonathan<\/b> 29 ans,","date_de_disponibilite":"","date_de_disponibilite_anglais":"Your rental will start 12\/26\/2023","tout_inclus":"All-inclusive (water, electricity, wifi, property charges)","montant_depot_garantie":"800.0","montant_frais_dossier":"380.0","montant_ht":"","cta_visiter":"63fae962-7e4e-4dfd-93be-98b992edb169","cta_liste_attente":"","cta_liste_attente_anglais":"<button data-tf-slider='npV6XYFG' data-tf-transitive-search-params='utm_source, utm_medium, utm_campaign, utm_term, utm_content' data-tf-width='550' data-tf-hide-headers data-tf-iframe-props='title=R\u00e9servation THE COLIVERS' data-tf-medium='snippet' data-tf-hidden='bu=Coliving,cta=listeattente,residence=,ville=Marseille,ressource=Liberte,marque=thecolivers,langue=anglais' style='font-family:Oswald,sans-serif;max-width:100%;overflow:hidden;background-color:#000000;color:#FFFFFF;font-size:16px;padding:12px;font-weight:bold;cursor:pointer;text-align:center;text-decoration:none;letter-spacing:1px''>JOIN THE WAINTING LIST<\/button><script src='\/\/embed.typeform.com\/next\/embed.js'><\/script>","cta_contacter":"","cta_contacter_anglais":"<button data-tf-slider='npV6XYFG' data-tf-transitive-search-params='utm_source, utm_medium, utm_campaign, utm_term, utm_content' data-tf-width='550' data-tf-hide-headers data-tf-iframe-props='title=R\u00e9servation THE COLIVERS' data-tf-medium='snippet' data-tf-hidden='bu=Coliving,cta=contact,residence=,ville=Marseille,ressource=Liberte,marque=thecolivers,langue=anglais' style='all:unset;font-family:Oswald,sans-serif;display:inline-block;max-width:100%;white-space:nowrap;overflow:hidden;text-overflow:ellipsis;background-color:#FFFFFF;color:#000000;font-size:16px;border-radius:32px;padding:10px;font-weight:bold;cursor:pointer;text-align:center;text-decoration:none;letter-spacing:1px;'>CONTACT US<\/button><script src='\/\/embed.typeform.com\/next\/embed.js'><\/script>","cta_reserver_bloc_produit":"","cta_reserver_bloc_produit_anglais":"","capacite":"6","surface":"","etage":"2","argument_1":"Large & big","argument_2":"Laundry room","argument_3":"XL fitted kitchen","argument_4":"Perfect location","argument_5":"Luminous","argument_6":"Hotel-quality bedding","descriptif_quartier":"Ideally located in the town center near Place des R\u00e9form\u00e9s, on a wide boulevard with trees, close to all shops, public transport and numerous bars and restaurants!","adresse_google_lat":"43.300991795970894","adresse_google_long":"5.383003419165331","adresse":"30 Boulevard Libert\u00e9 13001 Marseille","transports":"? T1, T2 & T3 tramways 10 minutes away on foot<br>\n? Metros M1 & M2 5min walk away<br>\n? Saint Charles train station 5 minutes' walk (TGV, TER, shuttle to Aix or airport)"},"yoast_head":"<!-- This site is optimized with the Yoast SEO plugin v22.7 - https:\/\/yoast.com\/wordpress\/plugins\/seo\/ -->\n<title>Flat share Libert\u00e9 | R\u00e9form\u00e9s - Marseille | The Colivers<\/title>\n<meta name=\"description\" content=\"Large, bright 6-bedroom furnished apartment in R\u00e9form\u00e9s, right in downtown Marseille. Ultra-equipped, renovated &amp; very well located.\" \/>\n<meta name=\"robots\" content=\"index, follow, max-snippet:-1, max-image-preview:large, max-video-preview:-1\" \/>\n<link rel=\"canonical\" href=\"https:\/\/www.thecolivers.com\/en\/marseille\/flat-share-liberte-reformes\/\" \/>\n<meta property=\"og:locale\" content=\"en_US\" \/>\n<meta property=\"og:type\" content=\"article\" \/>\n<meta property=\"og:title\" content=\"Flat share Libert\u00e9 | R\u00e9form\u00e9s - Marseille | The Colivers\" \/>\n<meta property=\"og:description\" content=\"Large, bright 6-bedroom furnished apartment in R\u00e9form\u00e9s, right in downtown Marseille. Ultra-equipped, renovated &amp; very well located.\" \/>\n<meta property=\"og:url\" content=\"https:\/\/www.thecolivers.com\/en\/marseille\/flat-share-liberte-reformes\/\" \/>\n<meta property=\"og:site_name\" content=\"The Colivers\" \/>\n<meta property=\"article:publisher\" content=\"https:\/\/www.facebook.com\/TheColivers\/\" \/>\n<meta property=\"article:modified_time\" content=\"2023-12-13T15:00:44+00:00\" \/>\n<meta property=\"og:image\" content=\"https:\/\/www.thecolivers.com\/wp-content\/uploads\/2023\/11\/colocation-marseille-liberte-salon-3-scaled.webp\" \/>\n\t<meta property=\"og:image:width\" content=\"2560\" \/>\n\t<meta property=\"og:image:height\" content=\"1707\" \/>\n\t<meta property=\"og:image:type\" content=\"image\/webp\" \/>\n<meta name=\"twitter:card\" content=\"summary_large_image\" \/>\n<script type=\"application\/ld+json\" class=\"yoast-schema-graph\">{\"@context\":\"https:\/\/schema.org\",\"@graph\":[{\"@type\":\"WebPage\",\"@id\":\"https:\/\/www.thecolivers.com\/en\/marseille\/flat-share-liberte-reformes\/\",\"url\":\"https:\/\/www.thecolivers.com\/en\/marseille\/flat-share-liberte-reformes\/\",\"name\":\"Flat share Libert\u00e9 | R\u00e9form\u00e9s - Marseille | The Colivers\",\"isPartOf\":{\"@id\":\"https:\/\/www.thecolivers.com\/en\/#website\"},\"primaryImageOfPage\":{\"@id\":\"https:\/\/www.thecolivers.com\/en\/marseille\/flat-share-liberte-reformes\/#primaryimage\"},\"image\":{\"@id\":\"https:\/\/www.thecolivers.com\/en\/marseille\/flat-share-liberte-reformes\/#primaryimage\"},\"thumbnailUrl\":\"https:\/\/www.thecolivers.com\/wp-content\/uploads\/2023\/11\/colocation-marseille-liberte-salon-3-scaled.webp\",\"datePublished\":\"2023-12-06T14:59:17+00:00\",\"dateModified\":\"2023-12-13T15:00:44+00:00\",\"description\":\"Large, bright 6-bedroom furnished apartment in R\u00e9form\u00e9s, right in downtown Marseille. Ultra-equipped, renovated & very well located.\",\"breadcrumb\":{\"@id\":\"https:\/\/www.thecolivers.com\/en\/marseille\/flat-share-liberte-reformes\/#breadcrumb\"},\"inLanguage\":\"en-US\",\"potentialAction\":[{\"@type\":\"ReadAction\",\"target\":[\"https:\/\/www.thecolivers.com\/en\/marseille\/flat-share-liberte-reformes\/\"]}]},{\"@type\":\"ImageObject\",\"inLanguage\":\"en-US\",\"@id\":\"https:\/\/www.thecolivers.com\/en\/marseille\/flat-share-liberte-reformes\/#primaryimage\",\"url\":\"https:\/\/www.thecolivers.com\/wp-content\/uploads\/2023\/11\/colocation-marseille-liberte-salon-3-scaled.webp\",\"contentUrl\":\"https:\/\/www.thecolivers.com\/wp-content\/uploads\/2023\/11\/colocation-marseille-liberte-salon-3-scaled.webp\",\"width\":2560,\"height\":1707},{\"@type\":\"BreadcrumbList\",\"@id\":\"https:\/\/www.thecolivers.com\/en\/marseille\/flat-share-liberte-reformes\/#breadcrumb\",\"itemListElement\":[{\"@type\":\"ListItem\",\"position\":1,\"name\":\"Accueil\",\"item\":\"https:\/\/www.thecolivers.com\/en\/the-colivers-home\/\"},{\"@type\":\"ListItem\",\"position\":2,\"name\":\"Products\",\"item\":\"https:\/\/www.thecolivers.com\/en\/shop\/\"},{\"@type\":\"ListItem\",\"position\":3,\"name\":\"Flat share Libert\u00e9 | R\u00e9form\u00e9s\"}]},{\"@type\":\"WebSite\",\"@id\":\"https:\/\/www.thecolivers.com\/en\/#website\",\"url\":\"https:\/\/www.thecolivers.com\/en\/\",\"name\":\"The Colivers\",\"description\":\"Places to share in coliving vibes\",\"publisher\":{\"@id\":\"https:\/\/www.thecolivers.com\/en\/#organization\"},\"potentialAction\":[{\"@type\":\"SearchAction\",\"target\":{\"@type\":\"EntryPoint\",\"urlTemplate\":\"https:\/\/www.thecolivers.com\/en\/?s={search_term_string}\"},\"query-input\":\"required name=search_term_string\"}],\"inLanguage\":\"en-US\"},{\"@type\":\"Organization\",\"@id\":\"https:\/\/www.thecolivers.com\/en\/#organization\",\"name\":\"The Colivers\",\"url\":\"https:\/\/www.thecolivers.com\/en\/\",\"logo\":{\"@type\":\"ImageObject\",\"inLanguage\":\"en-US\",\"@id\":\"https:\/\/www.thecolivers.com\/en\/#\/schema\/logo\/image\/\",\"url\":\"https:\/\/www.thecolivers.com\/wp-content\/uploads\/2020\/05\/logo_theColivers.png\",\"contentUrl\":\"https:\/\/www.thecolivers.com\/wp-content\/uploads\/2020\/05\/logo_theColivers.png\",\"width\":1500,\"height\":465,\"caption\":\"The Colivers\"},\"image\":{\"@id\":\"https:\/\/www.thecolivers.com\/en\/#\/schema\/logo\/image\/\"},\"sameAs\":[\"https:\/\/www.facebook.com\/TheColivers\/\",\"https:\/\/www.instagram.com\/thecolivers\/\",\"https:\/\/www.linkedin.com\/company\/the-colivers\/\"]}]}<\/script>\n<!-- \/ Yoast SEO plugin. -->","yoast_head_json":{"title":"Flat share Libert\u00e9 | R\u00e9form\u00e9s - Marseille | The Colivers","description":"Large, bright 6-bedroom furnished apartment in R\u00e9form\u00e9s, right in downtown Marseille. Ultra-equipped, renovated & very well located.","robots":{"index":"index","follow":"follow","max-snippet":"max-snippet:-1","max-image-preview":"max-image-preview:large","max-video-preview":"max-video-preview:-1"},"canonical":"https:\/\/www.thecolivers.com\/en\/marseille\/flat-share-liberte-reformes\/","og_locale":"en_US","og_type":"article","og_title":"Flat share Libert\u00e9 | R\u00e9form\u00e9s - Marseille | The Colivers","og_description":"Large, bright 6-bedroom furnished apartment in R\u00e9form\u00e9s, right in downtown Marseille. Ultra-equipped, renovated & very well located.","og_url":"https:\/\/www.thecolivers.com\/en\/marseille\/flat-share-liberte-reformes\/","og_site_name":"The Colivers","article_publisher":"https:\/\/www.facebook.com\/TheColivers\/","article_modified_time":"2023-12-13T15:00:44+00:00","og_image":[{"width":2560,"height":1707,"url":"https:\/\/www.thecolivers.com\/wp-content\/uploads\/2023\/11\/colocation-marseille-liberte-salon-3-scaled.webp","type":"image\/webp"}],"twitter_card":"summary_large_image","schema":{"@context":"https:\/\/schema.org","@graph":[{"@type":"WebPage","@id":"https:\/\/www.thecolivers.com\/en\/marseille\/flat-share-liberte-reformes\/","url":"https:\/\/www.thecolivers.com\/en\/marseille\/flat-share-liberte-reformes\/","name":"Flat share Libert\u00e9 | R\u00e9form\u00e9s - Marseille | The Colivers","isPartOf":{"@id":"https:\/\/www.thecolivers.com\/en\/#website"},"primaryImageOfPage":{"@id":"https:\/\/www.thecolivers.com\/en\/marseille\/flat-share-liberte-reformes\/#primaryimage"},"image":{"@id":"https:\/\/www.thecolivers.com\/en\/marseille\/flat-share-liberte-reformes\/#primaryimage"},"thumbnailUrl":"https:\/\/www.thecolivers.com\/wp-content\/uploads\/2023\/11\/colocation-marseille-liberte-salon-3-scaled.webp","datePublished":"2023-12-06T14:59:17+00:00","dateModified":"2023-12-13T15:00:44+00:00","description":"Large, bright 6-bedroom furnished apartment in R\u00e9form\u00e9s, right in downtown Marseille. Ultra-equipped, renovated & very well located.","breadcrumb":{"@id":"https:\/\/www.thecolivers.com\/en\/marseille\/flat-share-liberte-reformes\/#breadcrumb"},"inLanguage":"en-US","potentialAction":[{"@type":"ReadAction","target":["https:\/\/www.thecolivers.com\/en\/marseille\/flat-share-liberte-reformes\/"]}]},{"@type":"ImageObject","inLanguage":"en-US","@id":"https:\/\/www.thecolivers.com\/en\/marseille\/flat-share-liberte-reformes\/#primaryimage","url":"https:\/\/www.thecolivers.com\/wp-content\/uploads\/2023\/11\/colocation-marseille-liberte-salon-3-scaled.webp","contentUrl":"https:\/\/www.thecolivers.com\/wp-content\/uploads\/2023\/11\/colocation-marseille-liberte-salon-3-scaled.webp","width":2560,"height":1707},{"@type":"BreadcrumbList","@id":"https:\/\/www.thecolivers.com\/en\/marseille\/flat-share-liberte-reformes\/#breadcrumb","itemListElement":[{"@type":"ListItem","position":1,"name":"Accueil","item":"https:\/\/www.thecolivers.com\/en\/the-colivers-home\/"},{"@type":"ListItem","position":2,"name":"Products","item":"https:\/\/www.thecolivers.com\/en\/shop\/"},{"@type":"ListItem","position":3,"name":"Flat share Libert\u00e9 | R\u00e9form\u00e9s"}]},{"@type":"WebSite","@id":"https:\/\/www.thecolivers.com\/en\/#website","url":"https:\/\/www.thecolivers.com\/en\/","name":"The Colivers","description":"Places to share in coliving vibes","publisher":{"@id":"https:\/\/www.thecolivers.com\/en\/#organization"},"potentialAction":[{"@type":"SearchAction","target":{"@type":"EntryPoint","urlTemplate":"https:\/\/www.thecolivers.com\/en\/?s={search_term_string}"},"query-input":"required name=search_term_string"}],"inLanguage":"en-US"},{"@type":"Organization","@id":"https:\/\/www.thecolivers.com\/en\/#organization","name":"The Colivers","url":"https:\/\/www.thecolivers.com\/en\/","logo":{"@type":"ImageObject","inLanguage":"en-US","@id":"https:\/\/www.thecolivers.com\/en\/#\/schema\/logo\/image\/","url":"https:\/\/www.thecolivers.com\/wp-content\/uploads\/2020\/05\/logo_theColivers.png","contentUrl":"https:\/\/www.thecolivers.com\/wp-content\/uploads\/2020\/05\/logo_theColivers.png","width":1500,"height":465,"caption":"The Colivers"},"image":{"@id":"https:\/\/www.thecolivers.com\/en\/#\/schema\/logo\/image\/"},"sameAs":["https:\/\/www.facebook.com\/TheColivers\/","https:\/\/www.instagram.com\/thecolivers\/","https:\/\/www.linkedin.com\/company\/the-colivers\/"]}]}},"_links":{"self":[{"href":"https:\/\/www.thecolivers.com\/en\/wp-json\/wp\/v2\/product\/65553"}],"collection":[{"href":"https:\/\/www.thecolivers.com\/en\/wp-json\/wp\/v2\/product"}],"about":[{"href":"https:\/\/www.thecolivers.com\/en\/wp-json\/wp\/v2\/types\/product"}],"version-history":[{"count":0,"href":"https:\/\/www.thecolivers.com\/en\/wp-json\/wp\/v2\/product\/65553\/revisions"}],"wp:featuredmedia":[{"embeddable":true,"href":"https:\/\/www.thecolivers.com\/en\/wp-json\/wp\/v2\/media\/52601"}],"wp:attachment":[{"href":"https:\/\/www.thecolivers.com\/en\/wp-json\/wp\/v2\/media?parent=65553"}],"wp:term":[{"taxonomy":"product_cat","embeddable":true,"href":"https:\/\/www.thecolivers.com\/en\/wp-json\/wp\/v2\/product_cat?post=65553"},{"taxonomy":"product_tag","embeddable":true,"href":"https:\/\/www.thecolivers.com\/en\/wp-json\/wp\/v2\/product_tag?post=65553"}],"curies":[{"name":"wp","href":"https:\/\/api.w.org\/{rel}","templated":true}]}}