{"id":61877,"date":"2023-11-13T15:24:37","date_gmt":"2023-12-05T16:42:04","guid":{"rendered":"https:\/\/www.thecolivers.com\/produit\/flat-share-athenes-antigone\/"},"modified":"2023-12-13T16:32:53","modified_gmt":"2023-12-13T15:32:53","slug":"flat-share-athenes-antigone","status":"publish","type":"product","link":"https:\/\/www.thecolivers.com\/en\/montpellier\/flat-share-athenes-antigone\/","title":{"rendered":"Flat share Ath\u00e8nes | Antigone"},"content":{"rendered":"","protected":false},"excerpt":{"rendered":"","protected":false},"featured_media":50208,"template":"","meta":{"_acf_changed":false,"_joinchat":[]},"product_cat":[115],"product_tag":[243],"acf":{"id_saleforce_record":"a3V5J000000pFxGUAU","Titre H1":"Flat share Ath\u00e8nes | Antigone | Montpellier","soustitre_1_h2":"Private room in flat sharing, Coliving in Montpellier","information_encart":"","information_encart_anglais":"On waiting list","description_produit":"Fully equipped 3-bedroom shared apartment, located in the Antigone district, close to downtown!\n<br>\n\u200d\u200d\u200d??\u200d?\u200d??\u200d\u200d\u200d THE APARTMENT: Enjoy a private 4* room, with a double bed, desk and storage in a large apartment designed for living with several people: fully equipped kitchen, bright living room decorated with care, one sanitary, and two bathrooms.\n \n<br>\n?\ufe0f EQUIPMENT: kitchen equipped for group living: fridge, dishwasher, coffee machine, oven, utensils, etc.\n- washing machine\n- hotel bedding (140 cm * 200 cm)\n- bath, washbasin with storage, mirror\n- shower and washbasin with storage space, illuminated mirrors\n- designer furniture\n- double glazing\n- TV\n- secure building \n<br>\n?\ufe0f SERVICES INCLUDED: dedicated customer support","colocataire_descriptif":"<b>Elijah<\/b> 26 ans,<b>Camilo<\/b> 26 ans,<b>Elise<\/b> 20 ans,","date_de_disponibilite":"","date_de_disponibilite_anglais":"Your rental will start 9\/4\/2035","tout_inclus":"Rent includes : Building service charges","montant_depot_garantie":"800.0","montant_frais_dossier":"380.0","montant_ht":"","cta_visiter":"","cta_liste_attente":"","cta_liste_attente_anglais":"<button data-tf-slider='npV6XYFG' data-tf-transitive-search-params='utm_source, utm_medium, utm_campaign, utm_term, utm_content' data-tf-width='550' data-tf-hide-headers data-tf-iframe-props='title=R\u00e9servation THE COLIVERS' data-tf-medium='snippet' data-tf-hidden='bu=Coliving,cta=listeattente,residence=,ville=Montpellier,ressource=Athenes,marque=thecolivers,langue=anglais' style='font-family:Oswald,sans-serif;max-width:100%;overflow:hidden;background-color:#000000;color:#FFFFFF;font-size:16px;padding:12px;font-weight:bold;cursor:pointer;text-align:center;text-decoration:none;letter-spacing:1px''>JOIN THE WAINTING LIST<\/button><script src='\/\/embed.typeform.com\/next\/embed.js'><\/script>","cta_contacter":"","cta_contacter_anglais":"<button data-tf-slider='npV6XYFG' data-tf-transitive-search-params='utm_source, utm_medium, utm_campaign, utm_term, utm_content' data-tf-width='550' data-tf-hide-headers data-tf-iframe-props='title=R\u00e9servation THE COLIVERS' data-tf-medium='snippet' data-tf-hidden='bu=Coliving,cta=contact,residence=,ville=Montpellier,ressource=Athenes,marque=thecolivers,langue=anglais' style='all:unset;font-family:Oswald,sans-serif;display:inline-block;max-width:100%;white-space:nowrap;overflow:hidden;text-overflow:ellipsis;background-color:#FFFFFF;color:#000000;font-size:16px;border-radius:32px;padding:10px;font-weight:bold;cursor:pointer;text-align:center;text-decoration:none;letter-spacing:1px;'>CONTACT US<\/button><script src='\/\/embed.typeform.com\/next\/embed.js'><\/script>","cta_reserver_bloc_produit":"","cta_reserver_bloc_produit_anglais":"","capacite":"3","surface":"","etage":"2","argument_1":"Quiet","argument_2":"Perfect location","argument_3":"Luminous","argument_4":"2 bathrooms","argument_5":"Linen washer","argument_6":"Design Furniture","descriptif_quartier":"Conveniently located in the Antigone district, just a few meters from the Polygon, Olympic swimming pool and Place de la Com\u00e9die. Numerous shops and markets in the immediate vicinity. Several streetcar stations (Antigone, L\u00e9on Blum, Place de L'Europe, Com\u00e9die).  ","adresse_google_lat":"43.60971298028065","adresse_google_long":"3.892212464680613","adresse":"121 Rue d'Ath\u00e8nes 34000 Montpellier","transports":"? Tramways L1, L2<br>\n? Saint Roch station (TGV, TER) <br> \n?\ufe0f Easy highway access, A9"},"yoast_head":"<!-- This site is optimized with the Yoast SEO plugin v22.7 - https:\/\/yoast.com\/wordpress\/plugins\/seo\/ -->\n<title>Furnished flat share Ath\u00e8nes | Antigone - Montpellier | The Colivers<\/title>\n<meta name=\"description\" content=\"Furnished 3 large bedroom apartment located in the Antigone district, downtown Montpellier. Ultra-equipped, Design &amp; Very well located.\" \/>\n<meta name=\"robots\" content=\"index, follow, max-snippet:-1, max-image-preview:large, max-video-preview:-1\" \/>\n<link rel=\"canonical\" href=\"https:\/\/www.thecolivers.com\/en\/montpellier\/flat-share-athenes-antigone\/\" \/>\n<meta property=\"og:locale\" content=\"en_US\" \/>\n<meta property=\"og:type\" content=\"article\" \/>\n<meta property=\"og:title\" content=\"Furnished flat share Ath\u00e8nes | Antigone - Montpellier | The Colivers\" \/>\n<meta property=\"og:description\" content=\"Furnished 3 large bedroom apartment located in the Antigone district, downtown Montpellier. Ultra-equipped, Design &amp; Very well located.\" \/>\n<meta property=\"og:url\" content=\"https:\/\/www.thecolivers.com\/en\/montpellier\/flat-share-athenes-antigone\/\" \/>\n<meta property=\"og:site_name\" content=\"The Colivers\" \/>\n<meta property=\"article:publisher\" content=\"https:\/\/www.facebook.com\/TheColivers\/\" \/>\n<meta property=\"article:modified_time\" content=\"2023-12-13T15:32:53+00:00\" \/>\n<meta property=\"og:image\" content=\"https:\/\/www.thecolivers.com\/wp-content\/uploads\/2023\/11\/colocation-montpellier-athenes-salon-scaled.webp\" \/>\n\t<meta property=\"og:image:width\" content=\"2560\" \/>\n\t<meta property=\"og:image:height\" content=\"1707\" \/>\n\t<meta property=\"og:image:type\" content=\"image\/webp\" \/>\n<meta name=\"twitter:card\" content=\"summary_large_image\" \/>\n<script type=\"application\/ld+json\" class=\"yoast-schema-graph\">{\"@context\":\"https:\/\/schema.org\",\"@graph\":[{\"@type\":\"WebPage\",\"@id\":\"https:\/\/www.thecolivers.com\/en\/montpellier\/flat-share-athenes-antigone\/\",\"url\":\"https:\/\/www.thecolivers.com\/en\/montpellier\/flat-share-athenes-antigone\/\",\"name\":\"Furnished flat share Ath\u00e8nes | Antigone - Montpellier | The Colivers\",\"isPartOf\":{\"@id\":\"https:\/\/www.thecolivers.com\/en\/#website\"},\"primaryImageOfPage\":{\"@id\":\"https:\/\/www.thecolivers.com\/en\/montpellier\/flat-share-athenes-antigone\/#primaryimage\"},\"image\":{\"@id\":\"https:\/\/www.thecolivers.com\/en\/montpellier\/flat-share-athenes-antigone\/#primaryimage\"},\"thumbnailUrl\":\"https:\/\/www.thecolivers.com\/wp-content\/uploads\/2023\/11\/colocation-montpellier-athenes-salon-scaled.webp\",\"datePublished\":\"2023-12-05T16:42:04+00:00\",\"dateModified\":\"2023-12-13T15:32:53+00:00\",\"description\":\"Furnished 3 large bedroom apartment located in the Antigone district, downtown Montpellier. Ultra-equipped, Design & Very well located.\",\"breadcrumb\":{\"@id\":\"https:\/\/www.thecolivers.com\/en\/montpellier\/flat-share-athenes-antigone\/#breadcrumb\"},\"inLanguage\":\"en-US\",\"potentialAction\":[{\"@type\":\"ReadAction\",\"target\":[\"https:\/\/www.thecolivers.com\/en\/montpellier\/flat-share-athenes-antigone\/\"]}]},{\"@type\":\"ImageObject\",\"inLanguage\":\"en-US\",\"@id\":\"https:\/\/www.thecolivers.com\/en\/montpellier\/flat-share-athenes-antigone\/#primaryimage\",\"url\":\"https:\/\/www.thecolivers.com\/wp-content\/uploads\/2023\/11\/colocation-montpellier-athenes-salon-scaled.webp\",\"contentUrl\":\"https:\/\/www.thecolivers.com\/wp-content\/uploads\/2023\/11\/colocation-montpellier-athenes-salon-scaled.webp\",\"width\":2560,\"height\":1707},{\"@type\":\"BreadcrumbList\",\"@id\":\"https:\/\/www.thecolivers.com\/en\/montpellier\/flat-share-athenes-antigone\/#breadcrumb\",\"itemListElement\":[{\"@type\":\"ListItem\",\"position\":1,\"name\":\"Accueil\",\"item\":\"https:\/\/www.thecolivers.com\/en\/the-colivers-home\/\"},{\"@type\":\"ListItem\",\"position\":2,\"name\":\"Products\",\"item\":\"https:\/\/www.thecolivers.com\/en\/shop\/\"},{\"@type\":\"ListItem\",\"position\":3,\"name\":\"Flat share Ath\u00e8nes | Antigone\"}]},{\"@type\":\"WebSite\",\"@id\":\"https:\/\/www.thecolivers.com\/en\/#website\",\"url\":\"https:\/\/www.thecolivers.com\/en\/\",\"name\":\"The Colivers\",\"description\":\"Places to share in coliving vibes\",\"publisher\":{\"@id\":\"https:\/\/www.thecolivers.com\/en\/#organization\"},\"potentialAction\":[{\"@type\":\"SearchAction\",\"target\":{\"@type\":\"EntryPoint\",\"urlTemplate\":\"https:\/\/www.thecolivers.com\/en\/?s={search_term_string}\"},\"query-input\":\"required name=search_term_string\"}],\"inLanguage\":\"en-US\"},{\"@type\":\"Organization\",\"@id\":\"https:\/\/www.thecolivers.com\/en\/#organization\",\"name\":\"The Colivers\",\"url\":\"https:\/\/www.thecolivers.com\/en\/\",\"logo\":{\"@type\":\"ImageObject\",\"inLanguage\":\"en-US\",\"@id\":\"https:\/\/www.thecolivers.com\/en\/#\/schema\/logo\/image\/\",\"url\":\"https:\/\/www.thecolivers.com\/wp-content\/uploads\/2020\/05\/logo_theColivers.png\",\"contentUrl\":\"https:\/\/www.thecolivers.com\/wp-content\/uploads\/2020\/05\/logo_theColivers.png\",\"width\":1500,\"height\":465,\"caption\":\"The Colivers\"},\"image\":{\"@id\":\"https:\/\/www.thecolivers.com\/en\/#\/schema\/logo\/image\/\"},\"sameAs\":[\"https:\/\/www.facebook.com\/TheColivers\/\",\"https:\/\/www.instagram.com\/thecolivers\/\",\"https:\/\/www.linkedin.com\/company\/the-colivers\/\"]}]}<\/script>\n<!-- \/ Yoast SEO plugin. -->","yoast_head_json":{"title":"Furnished flat share Ath\u00e8nes | Antigone - Montpellier | The Colivers","description":"Furnished 3 large bedroom apartment located in the Antigone district, downtown Montpellier. Ultra-equipped, Design & Very well located.","robots":{"index":"index","follow":"follow","max-snippet":"max-snippet:-1","max-image-preview":"max-image-preview:large","max-video-preview":"max-video-preview:-1"},"canonical":"https:\/\/www.thecolivers.com\/en\/montpellier\/flat-share-athenes-antigone\/","og_locale":"en_US","og_type":"article","og_title":"Furnished flat share Ath\u00e8nes | Antigone - Montpellier | The Colivers","og_description":"Furnished 3 large bedroom apartment located in the Antigone district, downtown Montpellier. Ultra-equipped, Design & Very well located.","og_url":"https:\/\/www.thecolivers.com\/en\/montpellier\/flat-share-athenes-antigone\/","og_site_name":"The Colivers","article_publisher":"https:\/\/www.facebook.com\/TheColivers\/","article_modified_time":"2023-12-13T15:32:53+00:00","og_image":[{"width":2560,"height":1707,"url":"https:\/\/www.thecolivers.com\/wp-content\/uploads\/2023\/11\/colocation-montpellier-athenes-salon-scaled.webp","type":"image\/webp"}],"twitter_card":"summary_large_image","schema":{"@context":"https:\/\/schema.org","@graph":[{"@type":"WebPage","@id":"https:\/\/www.thecolivers.com\/en\/montpellier\/flat-share-athenes-antigone\/","url":"https:\/\/www.thecolivers.com\/en\/montpellier\/flat-share-athenes-antigone\/","name":"Furnished flat share Ath\u00e8nes | Antigone - Montpellier | The Colivers","isPartOf":{"@id":"https:\/\/www.thecolivers.com\/en\/#website"},"primaryImageOfPage":{"@id":"https:\/\/www.thecolivers.com\/en\/montpellier\/flat-share-athenes-antigone\/#primaryimage"},"image":{"@id":"https:\/\/www.thecolivers.com\/en\/montpellier\/flat-share-athenes-antigone\/#primaryimage"},"thumbnailUrl":"https:\/\/www.thecolivers.com\/wp-content\/uploads\/2023\/11\/colocation-montpellier-athenes-salon-scaled.webp","datePublished":"2023-12-05T16:42:04+00:00","dateModified":"2023-12-13T15:32:53+00:00","description":"Furnished 3 large bedroom apartment located in the Antigone district, downtown Montpellier. Ultra-equipped, Design & Very well located.","breadcrumb":{"@id":"https:\/\/www.thecolivers.com\/en\/montpellier\/flat-share-athenes-antigone\/#breadcrumb"},"inLanguage":"en-US","potentialAction":[{"@type":"ReadAction","target":["https:\/\/www.thecolivers.com\/en\/montpellier\/flat-share-athenes-antigone\/"]}]},{"@type":"ImageObject","inLanguage":"en-US","@id":"https:\/\/www.thecolivers.com\/en\/montpellier\/flat-share-athenes-antigone\/#primaryimage","url":"https:\/\/www.thecolivers.com\/wp-content\/uploads\/2023\/11\/colocation-montpellier-athenes-salon-scaled.webp","contentUrl":"https:\/\/www.thecolivers.com\/wp-content\/uploads\/2023\/11\/colocation-montpellier-athenes-salon-scaled.webp","width":2560,"height":1707},{"@type":"BreadcrumbList","@id":"https:\/\/www.thecolivers.com\/en\/montpellier\/flat-share-athenes-antigone\/#breadcrumb","itemListElement":[{"@type":"ListItem","position":1,"name":"Accueil","item":"https:\/\/www.thecolivers.com\/en\/the-colivers-home\/"},{"@type":"ListItem","position":2,"name":"Products","item":"https:\/\/www.thecolivers.com\/en\/shop\/"},{"@type":"ListItem","position":3,"name":"Flat share Ath\u00e8nes | Antigone"}]},{"@type":"WebSite","@id":"https:\/\/www.thecolivers.com\/en\/#website","url":"https:\/\/www.thecolivers.com\/en\/","name":"The Colivers","description":"Places to share in coliving vibes","publisher":{"@id":"https:\/\/www.thecolivers.com\/en\/#organization"},"potentialAction":[{"@type":"SearchAction","target":{"@type":"EntryPoint","urlTemplate":"https:\/\/www.thecolivers.com\/en\/?s={search_term_string}"},"query-input":"required name=search_term_string"}],"inLanguage":"en-US"},{"@type":"Organization","@id":"https:\/\/www.thecolivers.com\/en\/#organization","name":"The Colivers","url":"https:\/\/www.thecolivers.com\/en\/","logo":{"@type":"ImageObject","inLanguage":"en-US","@id":"https:\/\/www.thecolivers.com\/en\/#\/schema\/logo\/image\/","url":"https:\/\/www.thecolivers.com\/wp-content\/uploads\/2020\/05\/logo_theColivers.png","contentUrl":"https:\/\/www.thecolivers.com\/wp-content\/uploads\/2020\/05\/logo_theColivers.png","width":1500,"height":465,"caption":"The Colivers"},"image":{"@id":"https:\/\/www.thecolivers.com\/en\/#\/schema\/logo\/image\/"},"sameAs":["https:\/\/www.facebook.com\/TheColivers\/","https:\/\/www.instagram.com\/thecolivers\/","https:\/\/www.linkedin.com\/company\/the-colivers\/"]}]}},"_links":{"self":[{"href":"https:\/\/www.thecolivers.com\/en\/wp-json\/wp\/v2\/product\/61877"}],"collection":[{"href":"https:\/\/www.thecolivers.com\/en\/wp-json\/wp\/v2\/product"}],"about":[{"href":"https:\/\/www.thecolivers.com\/en\/wp-json\/wp\/v2\/types\/product"}],"version-history":[{"count":0,"href":"https:\/\/www.thecolivers.com\/en\/wp-json\/wp\/v2\/product\/61877\/revisions"}],"wp:featuredmedia":[{"embeddable":true,"href":"https:\/\/www.thecolivers.com\/en\/wp-json\/wp\/v2\/media\/50208"}],"wp:attachment":[{"href":"https:\/\/www.thecolivers.com\/en\/wp-json\/wp\/v2\/media?parent=61877"}],"wp:term":[{"taxonomy":"product_cat","embeddable":true,"href":"https:\/\/www.thecolivers.com\/en\/wp-json\/wp\/v2\/product_cat?post=61877"},{"taxonomy":"product_tag","embeddable":true,"href":"https:\/\/www.thecolivers.com\/en\/wp-json\/wp\/v2\/product_tag?post=61877"}],"curies":[{"name":"wp","href":"https:\/\/api.w.org\/{rel}","templated":true}]}}