{"id":61863,"date":"2023-11-13T15:24:42","date_gmt":"2023-12-05T15:58:16","guid":{"rendered":"https:\/\/www.thecolivers.com\/produit\/flat-share-millenaire-3-antigone\/"},"modified":"2023-12-13T16:31:20","modified_gmt":"2023-12-13T15:31:20","slug":"flat-share-millenaire3-antigone","status":"publish","type":"product","link":"https:\/\/www.thecolivers.com\/en\/montpellier\/flat-share-millenaire3-antigone\/","title":{"rendered":"Flat share Mill\u00e9naire #3 | Antigone"},"content":{"rendered":"","protected":false},"excerpt":{"rendered":"","protected":false},"featured_media":50434,"template":"","meta":{"_acf_changed":false,"_joinchat":[]},"product_cat":[115],"product_tag":[243],"acf":{"id_saleforce_record":"a3V5J000000pFxeUAE","Titre H1":"Flat share Mill\u00e9naire #3 | Antigone | Montpellier","soustitre_1_h2":"Private room in flat sharing, Coliving in Montpellier","information_encart":"","information_encart_anglais":"On waiting list","description_produit":"Fully furnished 6-bedroom shared apartment in the Antigone district, close to the Polygon and downtown!\n<br>\n\u200d\u200d\u200d??\u200d?\u200d?? THE APARTMENT: Enjoy a private 4* room, with a double bed, desk and storage in a large apartment designed for living together: fully equipped kitchen, bright living room decorated with care, two sanitary facilities, and two bathrooms. \n<br>\n?\ufe0f EQUIPMENT: kitchen equipped for group living: fridge, dishwasher, coffee machine, oven, utensils, etc.\n- washing machine, tumble dryer\n- hotel bedding (140 cm * 200 cm)\n- bath, washbasin with storage, mirror\n- shower and washbasin with storage space, illuminated mirrors\n- designer furniture\n- double glazing\n- air conditioning in the lounge\n- air-conditioned lounge\n- TV\n- secure building \n<br>\n?\ufe0f SERVICES INCLUDED: dedicated customer support - water, electricity, heating, building charges and wifi are included in the \u20ac70 flat-rate to be added to the rent.\n","colocataire_descriptif":"<b>Janka<\/b> 22 ans,<b>Florian<\/b> 28 ans,<b>Luca<\/b> 25 ans,<b>Kate<\/b> 22 ans,<b>Oliver<\/b> 24 ans,<b>Rhoslyn<\/b> 22 ans,","date_de_disponibilite":"","date_de_disponibilite_anglais":"Your rental will start 6\/1\/2035","tout_inclus":"All-inclusive (water, electricity, wifi, property charges)","montant_depot_garantie":"800.0","montant_frais_dossier":"380.0","montant_ht":"","cta_visiter":"53be73a5-ea35-4793-8b6e-26fe078a2389","cta_liste_attente":"","cta_liste_attente_anglais":"<button data-tf-slider='npV6XYFG' data-tf-transitive-search-params='utm_source, utm_medium, utm_campaign, utm_term, utm_content' data-tf-width='550' data-tf-hide-headers data-tf-iframe-props='title=R\u00e9servation THE COLIVERS' data-tf-medium='snippet' data-tf-hidden='bu=Coliving,cta=listeattente,residence=,ville=Montpellier,ressource=Millenaire-3,marque=thecolivers,langue=anglais' style='font-family:Oswald,sans-serif;max-width:100%;overflow:hidden;background-color:#000000;color:#FFFFFF;font-size:16px;padding:12px;font-weight:bold;cursor:pointer;text-align:center;text-decoration:none;letter-spacing:1px''>JOIN THE WAINTING LIST<\/button><script src='\/\/embed.typeform.com\/next\/embed.js'><\/script>","cta_contacter":"","cta_contacter_anglais":"<button data-tf-slider='npV6XYFG' data-tf-transitive-search-params='utm_source, utm_medium, utm_campaign, utm_term, utm_content' data-tf-width='550' data-tf-hide-headers data-tf-iframe-props='title=R\u00e9servation THE COLIVERS' data-tf-medium='snippet' data-tf-hidden='bu=Coliving,cta=contact,residence=,ville=Montpellier,ressource=Millenaire-3,marque=thecolivers,langue=anglais' style='all:unset;font-family:Oswald,sans-serif;display:inline-block;max-width:100%;white-space:nowrap;overflow:hidden;text-overflow:ellipsis;background-color:#FFFFFF;color:#000000;font-size:16px;border-radius:32px;padding:10px;font-weight:bold;cursor:pointer;text-align:center;text-decoration:none;letter-spacing:1px;'>CONTACT US<\/button><script src='\/\/embed.typeform.com\/next\/embed.js'><\/script>","cta_reserver_bloc_produit":"","cta_reserver_bloc_produit_anglais":"","capacite":"6","surface":"","etage":"3","argument_1":"All included","argument_2":"Quiet","argument_3":"Hotel-quality bedding","argument_4":"Perfect location","argument_5":"2 bathrooms","argument_6":"Design Furniture","descriptif_quartier":"Conveniently located in the Antigone district, just a few meters from the Polygon, Olympic swimming pool and Place de la Com\u00e9die. Numerous shops and markets in the immediate vicinity. Several streetcar stations (Antigone, L\u00e9on Blum, Place de L'Europe, Com\u00e9die).  ","adresse_google_lat":"43.6080108419956","adresse_google_long":"3.8893544370403323","adresse":"20 Place du Mill\u00e9naire 34000 Montpellier","transports":"? Tramways L1, L2<br>\n? Saint Roch station (TGV, TER) <br> \n?\ufe0f Easy highway access, A9"},"yoast_head":"<!-- This site is optimized with the Yoast SEO plugin v22.7 - https:\/\/yoast.com\/wordpress\/plugins\/seo\/ -->\n<title>Flat share Mill\u00e9naire #3 | Antigone - Montpellier | The Colivers<\/title>\n<meta name=\"description\" content=\"Furnished shared apartment with 6 large rooms located in the Antigone district, downtown Montpellier. Ultra-equipped, decorated &amp; very well located.\" \/>\n<meta name=\"robots\" content=\"index, follow, max-snippet:-1, max-image-preview:large, max-video-preview:-1\" \/>\n<link rel=\"canonical\" href=\"https:\/\/www.thecolivers.com\/en\/montpellier\/flat-share-millenaire3-antigone\/\" \/>\n<meta property=\"og:locale\" content=\"en_US\" \/>\n<meta property=\"og:type\" content=\"article\" \/>\n<meta property=\"og:title\" content=\"Flat share Mill\u00e9naire #3 | Antigone - Montpellier | The Colivers\" \/>\n<meta property=\"og:description\" content=\"Furnished shared apartment with 6 large rooms located in the Antigone district, downtown Montpellier. Ultra-equipped, decorated &amp; very well located.\" \/>\n<meta property=\"og:url\" content=\"https:\/\/www.thecolivers.com\/en\/montpellier\/flat-share-millenaire3-antigone\/\" \/>\n<meta property=\"og:site_name\" content=\"The Colivers\" \/>\n<meta property=\"article:publisher\" content=\"https:\/\/www.facebook.com\/TheColivers\/\" \/>\n<meta property=\"article:modified_time\" content=\"2023-12-13T15:31:20+00:00\" \/>\n<meta property=\"og:image\" content=\"https:\/\/www.thecolivers.com\/wp-content\/uploads\/2023\/11\/colocation-montpellier-millenaire3-salon-scaled.webp\" \/>\n\t<meta property=\"og:image:width\" content=\"2560\" \/>\n\t<meta property=\"og:image:height\" content=\"1709\" \/>\n\t<meta property=\"og:image:type\" content=\"image\/webp\" \/>\n<meta name=\"twitter:card\" content=\"summary_large_image\" \/>\n<script type=\"application\/ld+json\" class=\"yoast-schema-graph\">{\"@context\":\"https:\/\/schema.org\",\"@graph\":[{\"@type\":\"WebPage\",\"@id\":\"https:\/\/www.thecolivers.com\/en\/montpellier\/flat-share-millenaire3-antigone\/\",\"url\":\"https:\/\/www.thecolivers.com\/en\/montpellier\/flat-share-millenaire3-antigone\/\",\"name\":\"Flat share Mill\u00e9naire #3 | Antigone - Montpellier | The Colivers\",\"isPartOf\":{\"@id\":\"https:\/\/www.thecolivers.com\/en\/#website\"},\"primaryImageOfPage\":{\"@id\":\"https:\/\/www.thecolivers.com\/en\/montpellier\/flat-share-millenaire3-antigone\/#primaryimage\"},\"image\":{\"@id\":\"https:\/\/www.thecolivers.com\/en\/montpellier\/flat-share-millenaire3-antigone\/#primaryimage\"},\"thumbnailUrl\":\"https:\/\/www.thecolivers.com\/wp-content\/uploads\/2023\/11\/colocation-montpellier-millenaire3-salon-scaled.webp\",\"datePublished\":\"2023-12-05T15:58:16+00:00\",\"dateModified\":\"2023-12-13T15:31:20+00:00\",\"description\":\"Furnished shared apartment with 6 large rooms located in the Antigone district, downtown Montpellier. Ultra-equipped, decorated & very well located.\",\"breadcrumb\":{\"@id\":\"https:\/\/www.thecolivers.com\/en\/montpellier\/flat-share-millenaire3-antigone\/#breadcrumb\"},\"inLanguage\":\"en-US\",\"potentialAction\":[{\"@type\":\"ReadAction\",\"target\":[\"https:\/\/www.thecolivers.com\/en\/montpellier\/flat-share-millenaire3-antigone\/\"]}]},{\"@type\":\"ImageObject\",\"inLanguage\":\"en-US\",\"@id\":\"https:\/\/www.thecolivers.com\/en\/montpellier\/flat-share-millenaire3-antigone\/#primaryimage\",\"url\":\"https:\/\/www.thecolivers.com\/wp-content\/uploads\/2023\/11\/colocation-montpellier-millenaire3-salon-scaled.webp\",\"contentUrl\":\"https:\/\/www.thecolivers.com\/wp-content\/uploads\/2023\/11\/colocation-montpellier-millenaire3-salon-scaled.webp\",\"width\":2560,\"height\":1709},{\"@type\":\"BreadcrumbList\",\"@id\":\"https:\/\/www.thecolivers.com\/en\/montpellier\/flat-share-millenaire3-antigone\/#breadcrumb\",\"itemListElement\":[{\"@type\":\"ListItem\",\"position\":1,\"name\":\"Accueil\",\"item\":\"https:\/\/www.thecolivers.com\/en\/the-colivers-home\/\"},{\"@type\":\"ListItem\",\"position\":2,\"name\":\"Products\",\"item\":\"https:\/\/www.thecolivers.com\/en\/shop\/\"},{\"@type\":\"ListItem\",\"position\":3,\"name\":\"Flat share Mill\u00e9naire #3 | Antigone\"}]},{\"@type\":\"WebSite\",\"@id\":\"https:\/\/www.thecolivers.com\/en\/#website\",\"url\":\"https:\/\/www.thecolivers.com\/en\/\",\"name\":\"The Colivers\",\"description\":\"Places to share in coliving vibes\",\"publisher\":{\"@id\":\"https:\/\/www.thecolivers.com\/en\/#organization\"},\"potentialAction\":[{\"@type\":\"SearchAction\",\"target\":{\"@type\":\"EntryPoint\",\"urlTemplate\":\"https:\/\/www.thecolivers.com\/en\/?s={search_term_string}\"},\"query-input\":\"required name=search_term_string\"}],\"inLanguage\":\"en-US\"},{\"@type\":\"Organization\",\"@id\":\"https:\/\/www.thecolivers.com\/en\/#organization\",\"name\":\"The Colivers\",\"url\":\"https:\/\/www.thecolivers.com\/en\/\",\"logo\":{\"@type\":\"ImageObject\",\"inLanguage\":\"en-US\",\"@id\":\"https:\/\/www.thecolivers.com\/en\/#\/schema\/logo\/image\/\",\"url\":\"https:\/\/www.thecolivers.com\/wp-content\/uploads\/2020\/05\/logo_theColivers.png\",\"contentUrl\":\"https:\/\/www.thecolivers.com\/wp-content\/uploads\/2020\/05\/logo_theColivers.png\",\"width\":1500,\"height\":465,\"caption\":\"The Colivers\"},\"image\":{\"@id\":\"https:\/\/www.thecolivers.com\/en\/#\/schema\/logo\/image\/\"},\"sameAs\":[\"https:\/\/www.facebook.com\/TheColivers\/\",\"https:\/\/www.instagram.com\/thecolivers\/\",\"https:\/\/www.linkedin.com\/company\/the-colivers\/\"]}]}<\/script>\n<!-- \/ Yoast SEO plugin. -->","yoast_head_json":{"title":"Flat share Mill\u00e9naire #3 | Antigone - Montpellier | The Colivers","description":"Furnished shared apartment with 6 large rooms located in the Antigone district, downtown Montpellier. Ultra-equipped, decorated & very well located.","robots":{"index":"index","follow":"follow","max-snippet":"max-snippet:-1","max-image-preview":"max-image-preview:large","max-video-preview":"max-video-preview:-1"},"canonical":"https:\/\/www.thecolivers.com\/en\/montpellier\/flat-share-millenaire3-antigone\/","og_locale":"en_US","og_type":"article","og_title":"Flat share Mill\u00e9naire #3 | Antigone - Montpellier | The Colivers","og_description":"Furnished shared apartment with 6 large rooms located in the Antigone district, downtown Montpellier. Ultra-equipped, decorated & very well located.","og_url":"https:\/\/www.thecolivers.com\/en\/montpellier\/flat-share-millenaire3-antigone\/","og_site_name":"The Colivers","article_publisher":"https:\/\/www.facebook.com\/TheColivers\/","article_modified_time":"2023-12-13T15:31:20+00:00","og_image":[{"width":2560,"height":1709,"url":"https:\/\/www.thecolivers.com\/wp-content\/uploads\/2023\/11\/colocation-montpellier-millenaire3-salon-scaled.webp","type":"image\/webp"}],"twitter_card":"summary_large_image","schema":{"@context":"https:\/\/schema.org","@graph":[{"@type":"WebPage","@id":"https:\/\/www.thecolivers.com\/en\/montpellier\/flat-share-millenaire3-antigone\/","url":"https:\/\/www.thecolivers.com\/en\/montpellier\/flat-share-millenaire3-antigone\/","name":"Flat share Mill\u00e9naire #3 | Antigone - Montpellier | The Colivers","isPartOf":{"@id":"https:\/\/www.thecolivers.com\/en\/#website"},"primaryImageOfPage":{"@id":"https:\/\/www.thecolivers.com\/en\/montpellier\/flat-share-millenaire3-antigone\/#primaryimage"},"image":{"@id":"https:\/\/www.thecolivers.com\/en\/montpellier\/flat-share-millenaire3-antigone\/#primaryimage"},"thumbnailUrl":"https:\/\/www.thecolivers.com\/wp-content\/uploads\/2023\/11\/colocation-montpellier-millenaire3-salon-scaled.webp","datePublished":"2023-12-05T15:58:16+00:00","dateModified":"2023-12-13T15:31:20+00:00","description":"Furnished shared apartment with 6 large rooms located in the Antigone district, downtown Montpellier. Ultra-equipped, decorated & very well located.","breadcrumb":{"@id":"https:\/\/www.thecolivers.com\/en\/montpellier\/flat-share-millenaire3-antigone\/#breadcrumb"},"inLanguage":"en-US","potentialAction":[{"@type":"ReadAction","target":["https:\/\/www.thecolivers.com\/en\/montpellier\/flat-share-millenaire3-antigone\/"]}]},{"@type":"ImageObject","inLanguage":"en-US","@id":"https:\/\/www.thecolivers.com\/en\/montpellier\/flat-share-millenaire3-antigone\/#primaryimage","url":"https:\/\/www.thecolivers.com\/wp-content\/uploads\/2023\/11\/colocation-montpellier-millenaire3-salon-scaled.webp","contentUrl":"https:\/\/www.thecolivers.com\/wp-content\/uploads\/2023\/11\/colocation-montpellier-millenaire3-salon-scaled.webp","width":2560,"height":1709},{"@type":"BreadcrumbList","@id":"https:\/\/www.thecolivers.com\/en\/montpellier\/flat-share-millenaire3-antigone\/#breadcrumb","itemListElement":[{"@type":"ListItem","position":1,"name":"Accueil","item":"https:\/\/www.thecolivers.com\/en\/the-colivers-home\/"},{"@type":"ListItem","position":2,"name":"Products","item":"https:\/\/www.thecolivers.com\/en\/shop\/"},{"@type":"ListItem","position":3,"name":"Flat share Mill\u00e9naire #3 | Antigone"}]},{"@type":"WebSite","@id":"https:\/\/www.thecolivers.com\/en\/#website","url":"https:\/\/www.thecolivers.com\/en\/","name":"The Colivers","description":"Places to share in coliving vibes","publisher":{"@id":"https:\/\/www.thecolivers.com\/en\/#organization"},"potentialAction":[{"@type":"SearchAction","target":{"@type":"EntryPoint","urlTemplate":"https:\/\/www.thecolivers.com\/en\/?s={search_term_string}"},"query-input":"required name=search_term_string"}],"inLanguage":"en-US"},{"@type":"Organization","@id":"https:\/\/www.thecolivers.com\/en\/#organization","name":"The Colivers","url":"https:\/\/www.thecolivers.com\/en\/","logo":{"@type":"ImageObject","inLanguage":"en-US","@id":"https:\/\/www.thecolivers.com\/en\/#\/schema\/logo\/image\/","url":"https:\/\/www.thecolivers.com\/wp-content\/uploads\/2020\/05\/logo_theColivers.png","contentUrl":"https:\/\/www.thecolivers.com\/wp-content\/uploads\/2020\/05\/logo_theColivers.png","width":1500,"height":465,"caption":"The Colivers"},"image":{"@id":"https:\/\/www.thecolivers.com\/en\/#\/schema\/logo\/image\/"},"sameAs":["https:\/\/www.facebook.com\/TheColivers\/","https:\/\/www.instagram.com\/thecolivers\/","https:\/\/www.linkedin.com\/company\/the-colivers\/"]}]}},"_links":{"self":[{"href":"https:\/\/www.thecolivers.com\/en\/wp-json\/wp\/v2\/product\/61863"}],"collection":[{"href":"https:\/\/www.thecolivers.com\/en\/wp-json\/wp\/v2\/product"}],"about":[{"href":"https:\/\/www.thecolivers.com\/en\/wp-json\/wp\/v2\/types\/product"}],"version-history":[{"count":0,"href":"https:\/\/www.thecolivers.com\/en\/wp-json\/wp\/v2\/product\/61863\/revisions"}],"wp:featuredmedia":[{"embeddable":true,"href":"https:\/\/www.thecolivers.com\/en\/wp-json\/wp\/v2\/media\/50434"}],"wp:attachment":[{"href":"https:\/\/www.thecolivers.com\/en\/wp-json\/wp\/v2\/media?parent=61863"}],"wp:term":[{"taxonomy":"product_cat","embeddable":true,"href":"https:\/\/www.thecolivers.com\/en\/wp-json\/wp\/v2\/product_cat?post=61863"},{"taxonomy":"product_tag","embeddable":true,"href":"https:\/\/www.thecolivers.com\/en\/wp-json\/wp\/v2\/product_tag?post=61863"}],"curies":[{"name":"wp","href":"https:\/\/api.w.org\/{rel}","templated":true}]}}