{"id":176734,"date":"2025-10-23T11:07:49","date_gmt":"2025-11-17T09:39:08","guid":{"rendered":"https:\/\/www.thecolivers.com\/produit\/colocation-quebec-bordeaux\/"},"modified":"2026-02-11T16:34:09","modified_gmt":"2026-02-11T15:34:09","slug":"colocation-quebec-bordeaux","status":"publish","type":"product","link":"https:\/\/www.thecolivers.com\/en\/colocation-quebec-bordeaux\/","title":{"rendered":"Flatshare Quebec | Bordeaux"},"content":{"rendered":"","protected":false},"excerpt":{"rendered":"","protected":false},"featured_media":176694,"template":"","meta":{"_acf_changed":false,"_joinchat":[]},"product_cat":[286],"product_tag":[292],"acf":{"id_saleforce_record":"","Titre H1":"Flatshare Quebec | Ginko | Bordeaux","soustitre_1_h2":"Private room in Colocation, Coliving in Bordeaux","information_encart":"","information_encart_anglais":"2 availability","description_produit":"Room available in a large, fully furnished and renovated 4-bedroom apartment on the ground floor, ideally located in the eco-friendly Ginkgo neighborhood, right next to Bordeaux Lake.\n<br>\nIndividual contract - Eligible for housing subsidies\n<br>\nTHE APARTMENT<br>Enjoy a private 4-star room with a double bed, desk, and storage space in a large apartment designed for shared living: fully equipped kitchen, tastefully decorated living room, two toilets, two bathrooms, a large shared terrace, and a garden.\n<br>\n \ufe0f \ufe0f LES \u00c9QUIPEMENTS\n- cuisine \u00e9quip\u00e9e pour la vie \u00e0 plusieurs : frigo, lave-vaisselle, machine \u00e0 caf\u00e9, four, ustensiles\u2026\n- lave-linge, s\u00e8che linge\n- literie h\u00f4teli\u00e8re (140 cm * 200 cm)\n- douche vasque avec rangements, miroirs \u00e9clairants\n- mobilier design\n- double vitrage\n- TV\n- b\u00e2timent s\u00e9curis\u00e9\n- garage \u00e0 v\u00e9lo<br>- terrasse communes avec jardin\n\n\n\n\nPossibility of renting an additional parking space\n<br>\n \ufe0f SERVICES INCLUDED\n- dedicated customer support<br>- water, electricity, heating, building charges and wifi included","colocataire_descriptif":"<b>Sonam<\/b> 24 ans,","date_de_disponibilite":"","date_de_disponibilite_anglais":"","tout_inclus":"All-inclusive (water, electricity, wifi, property charges)","montant_depot_garantie":"800.0","montant_frais_dossier":"380.0","montant_ht":"","cta_visiter":"99ef814f-e31c-4fff-b37a-a178d2942d8b","cta_liste_attente":"","cta_liste_attente_anglais":"<button data-tf-slider='npV6XYFG' data-tf-transitive-search-params='utm_source, utm_medium, utm_campaign, utm_term, utm_content' data-tf-width='550' data-tf-hide-headers data-tf-iframe-props='title=R\u00e9servation THE COLIVERS' data-tf-medium='snippet' data-tf-hidden='bu=Coliving,cta=listeattente,residence=,ville=Bordeaux,ressource=Quebec,marque=thecolivers,langue=anglais' style='font-family:Oswald,sans-serif;max-width:100%;overflow:hidden;background-color:#000000;color:#FFFFFF;font-size:16px;padding:12px;font-weight:bold;cursor:pointer;text-align:center;text-decoration:none;letter-spacing:1px''>JOIN THE WAINTING LIST<\/button><script src='\/\/embed.typeform.com\/next\/embed.js'><\/script>","cta_contacter":"","cta_contacter_anglais":"<button data-tf-slider='npV6XYFG' data-tf-transitive-search-params='utm_source, utm_medium, utm_campaign, utm_term, utm_content' data-tf-width='550' data-tf-hide-headers data-tf-iframe-props='title=R\u00e9servation THE COLIVERS' data-tf-medium='snippet' data-tf-hidden='bu=Coliving,cta=contact,residence=,ville=Bordeaux,ressource=Quebec,marque=thecolivers,langue=anglais' style='all:unset;font-family:Oswald,sans-serif;display:inline-block;max-width:100%;white-space:nowrap;overflow:hidden;text-overflow:ellipsis;background-color:#FFFFFF;color:#000000;font-size:16px;border-radius:32px;padding:10px;font-weight:bold;cursor:pointer;text-align:center;text-decoration:none;letter-spacing:1px;'>CONTACT US<\/button><script src='\/\/embed.typeform.com\/next\/embed.js'><\/script>","cta_reserver_bloc_produit":"","cta_reserver_bloc_produit_anglais":"","capacite":"4","surface":"","etage":"GROUND FLOOR","argument_1":"2 bathrooms","argument_2":"Laundry room","argument_3":"Quiet","argument_4":"Garden","argument_5":"Bicycle Garage","argument_6":"Perfect location","descriptif_quartier":"Ideally located in the heart of the Ginko Eco-neighborhood, close to all shops and the Berges du Lac tram station. A short walk from Bordeaux Lake and its beach. Place des Quinconces can be reached in 15 minutes by tram.  ","adresse_google_lat":"44.876635323371204","adresse_google_long":"-0.5711753736319135","adresse":"12 cours de Quebec 33000 Bordeaux","transports":" Tramway ligne C- station Berges du Lac Deux lianes \u2014 LIgnes de bus \u00c0 Niveau \u00c9lev\u00e9 de Service \u2014 longent le quartier : la liane 15 \u00e0 l'ouest et au nord, et la liane 7 \u00e0 l'est."},"yoast_head":"<!-- This site is optimized with the Yoast SEO plugin v22.7 - https:\/\/yoast.com\/wordpress\/plugins\/seo\/ -->\n<title>Flatshare Quebec | Ginko, Bordeaux | The Colivers<\/title>\n<meta name=\"description\" content=\"4 furnished rooms in a large, fully equipped flatshare apartment in Bordeaux with a garden and bike garage. Ideally located in the eco-friendly Ginko neighborhood.\" \/>\n<meta name=\"robots\" content=\"index, follow, max-snippet:-1, max-image-preview:large, max-video-preview:-1\" \/>\n<link rel=\"canonical\" href=\"https:\/\/www.thecolivers.com\/en\/colocation-quebec-bordeaux\/\" \/>\n<meta property=\"og:locale\" content=\"en_US\" \/>\n<meta property=\"og:type\" content=\"article\" \/>\n<meta property=\"og:title\" content=\"Flatshare Quebec | Ginko, Bordeaux | The Colivers\" \/>\n<meta property=\"og:description\" content=\"4 furnished rooms in a large, fully equipped flatshare apartment in Bordeaux with a garden and bike garage. Ideally located in the eco-friendly Ginko neighborhood.\" \/>\n<meta property=\"og:url\" content=\"https:\/\/www.thecolivers.com\/en\/colocation-quebec-bordeaux\/\" \/>\n<meta property=\"og:site_name\" content=\"The Colivers\" \/>\n<meta property=\"article:publisher\" content=\"https:\/\/www.facebook.com\/TheColivers\/\" \/>\n<meta property=\"article:modified_time\" content=\"2026-02-11T15:34:09+00:00\" \/>\n<meta property=\"og:image\" content=\"https:\/\/www.thecolivers.com\/wp-content\/uploads\/2025\/10\/colocation-bordeaux-cour-quebec-rdc-coliving-salon-scaled.jpg\" \/>\n\t<meta property=\"og:image:width\" content=\"2560\" \/>\n\t<meta property=\"og:image:height\" content=\"1696\" \/>\n\t<meta property=\"og:image:type\" content=\"image\/jpeg\" \/>\n<meta name=\"twitter:card\" content=\"summary_large_image\" \/>\n<script type=\"application\/ld+json\" class=\"yoast-schema-graph\">{\"@context\":\"https:\/\/schema.org\",\"@graph\":[{\"@type\":\"WebPage\",\"@id\":\"https:\/\/www.thecolivers.com\/en\/colocation-quebec-bordeaux\/\",\"url\":\"https:\/\/www.thecolivers.com\/en\/colocation-quebec-bordeaux\/\",\"name\":\"Flatshare Quebec | Ginko, Bordeaux | The Colivers\",\"isPartOf\":{\"@id\":\"https:\/\/www.thecolivers.com\/en\/#website\"},\"primaryImageOfPage\":{\"@id\":\"https:\/\/www.thecolivers.com\/en\/colocation-quebec-bordeaux\/#primaryimage\"},\"image\":{\"@id\":\"https:\/\/www.thecolivers.com\/en\/colocation-quebec-bordeaux\/#primaryimage\"},\"thumbnailUrl\":\"https:\/\/www.thecolivers.com\/wp-content\/uploads\/2025\/10\/colocation-bordeaux-cour-quebec-rdc-coliving-salon-scaled.jpg\",\"datePublished\":\"2025-11-17T09:39:08+00:00\",\"dateModified\":\"2026-02-11T15:34:09+00:00\",\"description\":\"4 furnished rooms in a large, fully equipped flatshare apartment in Bordeaux with a garden and bike garage. Ideally located in the eco-friendly Ginko neighborhood.\",\"breadcrumb\":{\"@id\":\"https:\/\/www.thecolivers.com\/en\/colocation-quebec-bordeaux\/#breadcrumb\"},\"inLanguage\":\"en-US\",\"potentialAction\":[{\"@type\":\"ReadAction\",\"target\":[\"https:\/\/www.thecolivers.com\/en\/colocation-quebec-bordeaux\/\"]}]},{\"@type\":\"ImageObject\",\"inLanguage\":\"en-US\",\"@id\":\"https:\/\/www.thecolivers.com\/en\/colocation-quebec-bordeaux\/#primaryimage\",\"url\":\"https:\/\/www.thecolivers.com\/wp-content\/uploads\/2025\/10\/colocation-bordeaux-cour-quebec-rdc-coliving-salon-scaled.jpg\",\"contentUrl\":\"https:\/\/www.thecolivers.com\/wp-content\/uploads\/2025\/10\/colocation-bordeaux-cour-quebec-rdc-coliving-salon-scaled.jpg\",\"width\":2560,\"height\":1696},{\"@type\":\"BreadcrumbList\",\"@id\":\"https:\/\/www.thecolivers.com\/en\/colocation-quebec-bordeaux\/#breadcrumb\",\"itemListElement\":[{\"@type\":\"ListItem\",\"position\":1,\"name\":\"Accueil\",\"item\":\"https:\/\/www.thecolivers.com\/en\/the-colivers-home\/\"},{\"@type\":\"ListItem\",\"position\":2,\"name\":\"Products\",\"item\":\"https:\/\/www.thecolivers.com\/en\/shop\/\"},{\"@type\":\"ListItem\",\"position\":3,\"name\":\"Flatshare Quebec | Bordeaux\"}]},{\"@type\":\"WebSite\",\"@id\":\"https:\/\/www.thecolivers.com\/en\/#website\",\"url\":\"https:\/\/www.thecolivers.com\/en\/\",\"name\":\"The Colivers\",\"description\":\"Places to share in coliving vibes\",\"publisher\":{\"@id\":\"https:\/\/www.thecolivers.com\/en\/#organization\"},\"potentialAction\":[{\"@type\":\"SearchAction\",\"target\":{\"@type\":\"EntryPoint\",\"urlTemplate\":\"https:\/\/www.thecolivers.com\/en\/?s={search_term_string}\"},\"query-input\":\"required name=search_term_string\"}],\"inLanguage\":\"en-US\"},{\"@type\":\"Organization\",\"@id\":\"https:\/\/www.thecolivers.com\/en\/#organization\",\"name\":\"The Colivers\",\"url\":\"https:\/\/www.thecolivers.com\/en\/\",\"logo\":{\"@type\":\"ImageObject\",\"inLanguage\":\"en-US\",\"@id\":\"https:\/\/www.thecolivers.com\/en\/#\/schema\/logo\/image\/\",\"url\":\"https:\/\/www.thecolivers.com\/wp-content\/uploads\/2020\/05\/logo_theColivers.png\",\"contentUrl\":\"https:\/\/www.thecolivers.com\/wp-content\/uploads\/2020\/05\/logo_theColivers.png\",\"width\":1500,\"height\":465,\"caption\":\"The Colivers\"},\"image\":{\"@id\":\"https:\/\/www.thecolivers.com\/en\/#\/schema\/logo\/image\/\"},\"sameAs\":[\"https:\/\/www.facebook.com\/TheColivers\/\",\"https:\/\/www.instagram.com\/thecolivers\/\",\"https:\/\/www.linkedin.com\/company\/the-colivers\/\"]}]}<\/script>\n<!-- \/ Yoast SEO plugin. -->","yoast_head_json":{"title":"Flatshare Quebec | Ginko, Bordeaux | The Colivers","description":"4 furnished rooms in a large, fully equipped flatshare apartment in Bordeaux with a garden and bike garage. Ideally located in the eco-friendly Ginko neighborhood.","robots":{"index":"index","follow":"follow","max-snippet":"max-snippet:-1","max-image-preview":"max-image-preview:large","max-video-preview":"max-video-preview:-1"},"canonical":"https:\/\/www.thecolivers.com\/en\/colocation-quebec-bordeaux\/","og_locale":"en_US","og_type":"article","og_title":"Flatshare Quebec | Ginko, Bordeaux | The Colivers","og_description":"4 furnished rooms in a large, fully equipped flatshare apartment in Bordeaux with a garden and bike garage. Ideally located in the eco-friendly Ginko neighborhood.","og_url":"https:\/\/www.thecolivers.com\/en\/colocation-quebec-bordeaux\/","og_site_name":"The Colivers","article_publisher":"https:\/\/www.facebook.com\/TheColivers\/","article_modified_time":"2026-02-11T15:34:09+00:00","og_image":[{"width":2560,"height":1696,"url":"https:\/\/www.thecolivers.com\/wp-content\/uploads\/2025\/10\/colocation-bordeaux-cour-quebec-rdc-coliving-salon-scaled.jpg","type":"image\/jpeg"}],"twitter_card":"summary_large_image","schema":{"@context":"https:\/\/schema.org","@graph":[{"@type":"WebPage","@id":"https:\/\/www.thecolivers.com\/en\/colocation-quebec-bordeaux\/","url":"https:\/\/www.thecolivers.com\/en\/colocation-quebec-bordeaux\/","name":"Flatshare Quebec | Ginko, Bordeaux | The Colivers","isPartOf":{"@id":"https:\/\/www.thecolivers.com\/en\/#website"},"primaryImageOfPage":{"@id":"https:\/\/www.thecolivers.com\/en\/colocation-quebec-bordeaux\/#primaryimage"},"image":{"@id":"https:\/\/www.thecolivers.com\/en\/colocation-quebec-bordeaux\/#primaryimage"},"thumbnailUrl":"https:\/\/www.thecolivers.com\/wp-content\/uploads\/2025\/10\/colocation-bordeaux-cour-quebec-rdc-coliving-salon-scaled.jpg","datePublished":"2025-11-17T09:39:08+00:00","dateModified":"2026-02-11T15:34:09+00:00","description":"4 furnished rooms in a large, fully equipped flatshare apartment in Bordeaux with a garden and bike garage. Ideally located in the eco-friendly Ginko neighborhood.","breadcrumb":{"@id":"https:\/\/www.thecolivers.com\/en\/colocation-quebec-bordeaux\/#breadcrumb"},"inLanguage":"en-US","potentialAction":[{"@type":"ReadAction","target":["https:\/\/www.thecolivers.com\/en\/colocation-quebec-bordeaux\/"]}]},{"@type":"ImageObject","inLanguage":"en-US","@id":"https:\/\/www.thecolivers.com\/en\/colocation-quebec-bordeaux\/#primaryimage","url":"https:\/\/www.thecolivers.com\/wp-content\/uploads\/2025\/10\/colocation-bordeaux-cour-quebec-rdc-coliving-salon-scaled.jpg","contentUrl":"https:\/\/www.thecolivers.com\/wp-content\/uploads\/2025\/10\/colocation-bordeaux-cour-quebec-rdc-coliving-salon-scaled.jpg","width":2560,"height":1696},{"@type":"BreadcrumbList","@id":"https:\/\/www.thecolivers.com\/en\/colocation-quebec-bordeaux\/#breadcrumb","itemListElement":[{"@type":"ListItem","position":1,"name":"Accueil","item":"https:\/\/www.thecolivers.com\/en\/the-colivers-home\/"},{"@type":"ListItem","position":2,"name":"Products","item":"https:\/\/www.thecolivers.com\/en\/shop\/"},{"@type":"ListItem","position":3,"name":"Flatshare Quebec | Bordeaux"}]},{"@type":"WebSite","@id":"https:\/\/www.thecolivers.com\/en\/#website","url":"https:\/\/www.thecolivers.com\/en\/","name":"The Colivers","description":"Places to share in coliving vibes","publisher":{"@id":"https:\/\/www.thecolivers.com\/en\/#organization"},"potentialAction":[{"@type":"SearchAction","target":{"@type":"EntryPoint","urlTemplate":"https:\/\/www.thecolivers.com\/en\/?s={search_term_string}"},"query-input":"required name=search_term_string"}],"inLanguage":"en-US"},{"@type":"Organization","@id":"https:\/\/www.thecolivers.com\/en\/#organization","name":"The Colivers","url":"https:\/\/www.thecolivers.com\/en\/","logo":{"@type":"ImageObject","inLanguage":"en-US","@id":"https:\/\/www.thecolivers.com\/en\/#\/schema\/logo\/image\/","url":"https:\/\/www.thecolivers.com\/wp-content\/uploads\/2020\/05\/logo_theColivers.png","contentUrl":"https:\/\/www.thecolivers.com\/wp-content\/uploads\/2020\/05\/logo_theColivers.png","width":1500,"height":465,"caption":"The Colivers"},"image":{"@id":"https:\/\/www.thecolivers.com\/en\/#\/schema\/logo\/image\/"},"sameAs":["https:\/\/www.facebook.com\/TheColivers\/","https:\/\/www.instagram.com\/thecolivers\/","https:\/\/www.linkedin.com\/company\/the-colivers\/"]}]}},"_links":{"self":[{"href":"https:\/\/www.thecolivers.com\/en\/wp-json\/wp\/v2\/product\/176734"}],"collection":[{"href":"https:\/\/www.thecolivers.com\/en\/wp-json\/wp\/v2\/product"}],"about":[{"href":"https:\/\/www.thecolivers.com\/en\/wp-json\/wp\/v2\/types\/product"}],"version-history":[{"count":1,"href":"https:\/\/www.thecolivers.com\/en\/wp-json\/wp\/v2\/product\/176734\/revisions"}],"predecessor-version":[{"id":177243,"href":"https:\/\/www.thecolivers.com\/en\/wp-json\/wp\/v2\/product\/176734\/revisions\/177243"}],"wp:featuredmedia":[{"embeddable":true,"href":"https:\/\/www.thecolivers.com\/en\/wp-json\/wp\/v2\/media\/176694"}],"wp:attachment":[{"href":"https:\/\/www.thecolivers.com\/en\/wp-json\/wp\/v2\/media?parent=176734"}],"wp:term":[{"taxonomy":"product_cat","embeddable":true,"href":"https:\/\/www.thecolivers.com\/en\/wp-json\/wp\/v2\/product_cat?post=176734"},{"taxonomy":"product_tag","embeddable":true,"href":"https:\/\/www.thecolivers.com\/en\/wp-json\/wp\/v2\/product_tag?post=176734"}],"curies":[{"name":"wp","href":"https:\/\/api.w.org\/{rel}","templated":true}]}}