{"id":176405,"date":"2025-08-22T15:36:59","date_gmt":"2025-08-22T14:00:59","guid":{"rendered":"https:\/\/www.thecolivers.com\/produit\/one-bedroom-julien-jules-metro-geze\/"},"modified":"2025-08-22T16:00:59","modified_gmt":"2025-08-22T14:00:59","slug":"one-bedroom-julien-jules-metro-geze","status":"publish","type":"product","link":"https:\/\/www.thecolivers.com\/en\/one-bedroom-julien-jules-metro-geze\/","title":{"rendered":"One-Bedroom Julien Jules | Metro G\u00e8ze"},"content":{"rendered":"","protected":false},"excerpt":{"rendered":"","protected":false},"featured_media":176388,"template":"","meta":{"_acf_changed":false,"_joinchat":[]},"product_cat":[114],"product_tag":[212],"acf":{"id_saleforce_record":"","Titre H1":"One-Bedroom Julien Jules | Euromed | Marseille","soustitre_1_h2":"Furnished one-bedroom flat, Coliving in Marseille","information_encart":"","information_encart_anglais":"On waiting list","description_produit":"Fully renovated, furnished and equipped one-bedroom apartment located in the Eurom\u00e9diterran\u00e9e district, on the first floor of a small, quiet two-storey building, just a few metres from the Capitaine G\u00e8ze metro station.\n<br>Lease agreement eligible for housing assistance. \n<br> THE APARTMENT<br>Enjoy an apartment consisting of a main room with storage space, a fully equipped kitchen, a dining table, a sofa, a smart TV and a separate bedroom with a 140 x 200 cm double bed with hotel-quality bedding and a desk. The bathroom has a shower and a washbasin with storage space, a mirror, a toilet and a towel dryer.  \n<br> \ufe0f FACILITIES\n- Designer furniture\n- Large cupboard\/wardrobe\n- Individual heating\n- Double glazing\n- Mechanical ventilation\n- Smart TV\nConvertible sofa bed\n- Fully equipped kitchen: refrigerator, freezer, coffee machine, microwave oven, kitchen utensils, etc.\n- Washing machine<br>- Secure building (access via badge and three-point locking doors).\n<br>\ufe0f SERVICES INCLUDED\n- High-speed Wi-Fi\n- Dedicated customer support<br>- Building charges included","colocataire_descriptif":"","date_de_disponibilite":"","date_de_disponibilite_anglais":"","tout_inclus":"Rent includes : Building service charges","montant_depot_garantie":"1000.0","montant_frais_dossier":"380.0","montant_ht":"","cta_visiter":"fd374293-2b87-47f7-884b-385d8c066a07","cta_liste_attente":"","cta_liste_attente_anglais":"<button data-tf-slider='npV6XYFG' data-tf-transitive-search-params='utm_source, utm_medium, utm_campaign, utm_term, utm_content' data-tf-width='550' data-tf-hide-headers data-tf-iframe-props='title=R\u00e9servation THE COLIVERS' data-tf-medium='snippet' data-tf-hidden='bu=Coliving,cta=listeattente,residence=,ville=Marseille,ressource=julien jules,marque=thecolivers,langue=anglais' style='font-family:Oswald,sans-serif;max-width:100%;overflow:hidden;background-color:#000000;color:#FFFFFF;font-size:16px;padding:12px;font-weight:bold;cursor:pointer;text-align:center;text-decoration:none;letter-spacing:1px''>JOIN THE WAINTING LIST<\/button><script src='\/\/embed.typeform.com\/next\/embed.js'><\/script>","cta_contacter":"","cta_contacter_anglais":"<button data-tf-slider='npV6XYFG' data-tf-transitive-search-params='utm_source, utm_medium, utm_campaign, utm_term, utm_content' data-tf-width='550' data-tf-hide-headers data-tf-iframe-props='title=R\u00e9servation THE COLIVERS' data-tf-medium='snippet' data-tf-hidden='bu=Coliving,cta=contact,residence=,ville=Marseille,ressource=julien jules,marque=thecolivers,langue=anglais' style='all:unset;font-family:Oswald,sans-serif;display:inline-block;max-width:100%;white-space:nowrap;overflow:hidden;text-overflow:ellipsis;background-color:#FFFFFF;color:#000000;font-size:16px;border-radius:32px;padding:10px;font-weight:bold;cursor:pointer;text-align:center;text-decoration:none;letter-spacing:1px;'>CONTACT US<\/button><script src='\/\/embed.typeform.com\/next\/embed.js'><\/script>","cta_reserver_bloc_produit":"","cta_reserver_bloc_produit_anglais":"","capacite":"1","surface":"","etage":"1","argument_1":"Quiet","argument_2":"Luminous","argument_3":"Linen washer","argument_4":"Design Furniture","argument_5":"Recently renovated","argument_6":"Wifi","descriptif_quartier":"Located in a very quiet street, just a 5-minute walk from the Capitaine G\u00e8ze metro station and a few metres from local shops (pharmacy, Lidl bakery, etc.). The building is just 5 minutes by car from Haribo headquarters and 15 minutes by bus from CMA CGM headquarters. Place de la Joliette can be reached in 15 minutes by metro.","adresse_google_lat":"43.32937955983346","adresse_google_long":"5.36423662425654","adresse":"8 Rue Julien Jules 13015","transports":" Metro M2 G\u00e8ze<br>Bus n\u00b070<br>Gare saint charles 20 minutes by metro. TGV, TER, shuttle to Aix or airport)<br>easy access to A55 freeway to Montpellier and A7 to Lyon\/Aix "},"yoast_head":"<!-- This site is optimized with the Yoast SEO plugin v22.7 - https:\/\/yoast.com\/wordpress\/plugins\/seo\/ -->\n<title>One-bedroom Apartment Julien Jules | Euromed | The Colivers<\/title>\n<meta name=\"description\" content=\"Spacious, designer furnished one-bedroom apartment in the Euromed district of Marseille. Fully equipped, renovated and close to public transport.\" \/>\n<meta name=\"robots\" content=\"index, follow, max-snippet:-1, max-image-preview:large, max-video-preview:-1\" \/>\n<link rel=\"canonical\" href=\"https:\/\/www.thecolivers.com\/en\/one-bedroom-julien-jules-metro-geze\/\" \/>\n<meta property=\"og:locale\" content=\"en_US\" \/>\n<meta property=\"og:type\" content=\"article\" \/>\n<meta property=\"og:title\" content=\"One-bedroom Apartment Julien Jules | Euromed | The Colivers\" \/>\n<meta property=\"og:description\" content=\"Spacious, designer furnished one-bedroom apartment in the Euromed district of Marseille. Fully equipped, renovated and close to public transport.\" \/>\n<meta property=\"og:url\" content=\"https:\/\/www.thecolivers.com\/en\/one-bedroom-julien-jules-metro-geze\/\" \/>\n<meta property=\"og:site_name\" content=\"The Colivers\" \/>\n<meta property=\"article:publisher\" content=\"https:\/\/www.facebook.com\/TheColivers\/\" \/>\n<meta property=\"og:image\" content=\"https:\/\/www.thecolivers.com\/wp-content\/uploads\/2025\/08\/20250812_134804-HDR-copie-scaled.jpg\" \/>\n\t<meta property=\"og:image:width\" content=\"2560\" \/>\n\t<meta property=\"og:image:height\" content=\"1707\" \/>\n\t<meta property=\"og:image:type\" content=\"image\/jpeg\" \/>\n<meta name=\"twitter:card\" content=\"summary_large_image\" \/>\n<script type=\"application\/ld+json\" class=\"yoast-schema-graph\">{\"@context\":\"https:\/\/schema.org\",\"@graph\":[{\"@type\":\"WebPage\",\"@id\":\"https:\/\/www.thecolivers.com\/en\/one-bedroom-julien-jules-metro-geze\/\",\"url\":\"https:\/\/www.thecolivers.com\/en\/one-bedroom-julien-jules-metro-geze\/\",\"name\":\"One-bedroom Apartment Julien Jules | Euromed | The Colivers\",\"isPartOf\":{\"@id\":\"https:\/\/www.thecolivers.com\/en\/#website\"},\"primaryImageOfPage\":{\"@id\":\"https:\/\/www.thecolivers.com\/en\/one-bedroom-julien-jules-metro-geze\/#primaryimage\"},\"image\":{\"@id\":\"https:\/\/www.thecolivers.com\/en\/one-bedroom-julien-jules-metro-geze\/#primaryimage\"},\"thumbnailUrl\":\"https:\/\/www.thecolivers.com\/wp-content\/uploads\/2025\/08\/20250812_134804-HDR-copie-scaled.jpg\",\"datePublished\":\"2025-08-22T14:00:59+00:00\",\"dateModified\":\"2025-08-22T14:00:59+00:00\",\"description\":\"Spacious, designer furnished one-bedroom apartment in the Euromed district of Marseille. Fully equipped, renovated and close to public transport.\",\"breadcrumb\":{\"@id\":\"https:\/\/www.thecolivers.com\/en\/one-bedroom-julien-jules-metro-geze\/#breadcrumb\"},\"inLanguage\":\"en-US\",\"potentialAction\":[{\"@type\":\"ReadAction\",\"target\":[\"https:\/\/www.thecolivers.com\/en\/one-bedroom-julien-jules-metro-geze\/\"]}]},{\"@type\":\"ImageObject\",\"inLanguage\":\"en-US\",\"@id\":\"https:\/\/www.thecolivers.com\/en\/one-bedroom-julien-jules-metro-geze\/#primaryimage\",\"url\":\"https:\/\/www.thecolivers.com\/wp-content\/uploads\/2025\/08\/20250812_134804-HDR-copie-scaled.jpg\",\"contentUrl\":\"https:\/\/www.thecolivers.com\/wp-content\/uploads\/2025\/08\/20250812_134804-HDR-copie-scaled.jpg\",\"width\":2560,\"height\":1707},{\"@type\":\"BreadcrumbList\",\"@id\":\"https:\/\/www.thecolivers.com\/en\/one-bedroom-julien-jules-metro-geze\/#breadcrumb\",\"itemListElement\":[{\"@type\":\"ListItem\",\"position\":1,\"name\":\"Accueil\",\"item\":\"https:\/\/www.thecolivers.com\/en\/the-colivers-home\/\"},{\"@type\":\"ListItem\",\"position\":2,\"name\":\"Products\",\"item\":\"https:\/\/www.thecolivers.com\/en\/shop\/\"},{\"@type\":\"ListItem\",\"position\":3,\"name\":\"One-Bedroom Julien Jules | Metro G\u00e8ze\"}]},{\"@type\":\"WebSite\",\"@id\":\"https:\/\/www.thecolivers.com\/en\/#website\",\"url\":\"https:\/\/www.thecolivers.com\/en\/\",\"name\":\"The Colivers\",\"description\":\"Places to share in coliving vibes\",\"publisher\":{\"@id\":\"https:\/\/www.thecolivers.com\/en\/#organization\"},\"potentialAction\":[{\"@type\":\"SearchAction\",\"target\":{\"@type\":\"EntryPoint\",\"urlTemplate\":\"https:\/\/www.thecolivers.com\/en\/?s={search_term_string}\"},\"query-input\":\"required name=search_term_string\"}],\"inLanguage\":\"en-US\"},{\"@type\":\"Organization\",\"@id\":\"https:\/\/www.thecolivers.com\/en\/#organization\",\"name\":\"The Colivers\",\"url\":\"https:\/\/www.thecolivers.com\/en\/\",\"logo\":{\"@type\":\"ImageObject\",\"inLanguage\":\"en-US\",\"@id\":\"https:\/\/www.thecolivers.com\/en\/#\/schema\/logo\/image\/\",\"url\":\"https:\/\/www.thecolivers.com\/wp-content\/uploads\/2020\/05\/logo_theColivers.png\",\"contentUrl\":\"https:\/\/www.thecolivers.com\/wp-content\/uploads\/2020\/05\/logo_theColivers.png\",\"width\":1500,\"height\":465,\"caption\":\"The Colivers\"},\"image\":{\"@id\":\"https:\/\/www.thecolivers.com\/en\/#\/schema\/logo\/image\/\"},\"sameAs\":[\"https:\/\/www.facebook.com\/TheColivers\/\",\"https:\/\/www.instagram.com\/thecolivers\/\",\"https:\/\/www.linkedin.com\/company\/the-colivers\/\"]}]}<\/script>\n<!-- \/ Yoast SEO plugin. -->","yoast_head_json":{"title":"One-bedroom Apartment Julien Jules | Euromed | The Colivers","description":"Spacious, designer furnished one-bedroom apartment in the Euromed district of Marseille. Fully equipped, renovated and close to public transport.","robots":{"index":"index","follow":"follow","max-snippet":"max-snippet:-1","max-image-preview":"max-image-preview:large","max-video-preview":"max-video-preview:-1"},"canonical":"https:\/\/www.thecolivers.com\/en\/one-bedroom-julien-jules-metro-geze\/","og_locale":"en_US","og_type":"article","og_title":"One-bedroom Apartment Julien Jules | Euromed | The Colivers","og_description":"Spacious, designer furnished one-bedroom apartment in the Euromed district of Marseille. Fully equipped, renovated and close to public transport.","og_url":"https:\/\/www.thecolivers.com\/en\/one-bedroom-julien-jules-metro-geze\/","og_site_name":"The Colivers","article_publisher":"https:\/\/www.facebook.com\/TheColivers\/","og_image":[{"width":2560,"height":1707,"url":"https:\/\/www.thecolivers.com\/wp-content\/uploads\/2025\/08\/20250812_134804-HDR-copie-scaled.jpg","type":"image\/jpeg"}],"twitter_card":"summary_large_image","schema":{"@context":"https:\/\/schema.org","@graph":[{"@type":"WebPage","@id":"https:\/\/www.thecolivers.com\/en\/one-bedroom-julien-jules-metro-geze\/","url":"https:\/\/www.thecolivers.com\/en\/one-bedroom-julien-jules-metro-geze\/","name":"One-bedroom Apartment Julien Jules | Euromed | The Colivers","isPartOf":{"@id":"https:\/\/www.thecolivers.com\/en\/#website"},"primaryImageOfPage":{"@id":"https:\/\/www.thecolivers.com\/en\/one-bedroom-julien-jules-metro-geze\/#primaryimage"},"image":{"@id":"https:\/\/www.thecolivers.com\/en\/one-bedroom-julien-jules-metro-geze\/#primaryimage"},"thumbnailUrl":"https:\/\/www.thecolivers.com\/wp-content\/uploads\/2025\/08\/20250812_134804-HDR-copie-scaled.jpg","datePublished":"2025-08-22T14:00:59+00:00","dateModified":"2025-08-22T14:00:59+00:00","description":"Spacious, designer furnished one-bedroom apartment in the Euromed district of Marseille. Fully equipped, renovated and close to public transport.","breadcrumb":{"@id":"https:\/\/www.thecolivers.com\/en\/one-bedroom-julien-jules-metro-geze\/#breadcrumb"},"inLanguage":"en-US","potentialAction":[{"@type":"ReadAction","target":["https:\/\/www.thecolivers.com\/en\/one-bedroom-julien-jules-metro-geze\/"]}]},{"@type":"ImageObject","inLanguage":"en-US","@id":"https:\/\/www.thecolivers.com\/en\/one-bedroom-julien-jules-metro-geze\/#primaryimage","url":"https:\/\/www.thecolivers.com\/wp-content\/uploads\/2025\/08\/20250812_134804-HDR-copie-scaled.jpg","contentUrl":"https:\/\/www.thecolivers.com\/wp-content\/uploads\/2025\/08\/20250812_134804-HDR-copie-scaled.jpg","width":2560,"height":1707},{"@type":"BreadcrumbList","@id":"https:\/\/www.thecolivers.com\/en\/one-bedroom-julien-jules-metro-geze\/#breadcrumb","itemListElement":[{"@type":"ListItem","position":1,"name":"Accueil","item":"https:\/\/www.thecolivers.com\/en\/the-colivers-home\/"},{"@type":"ListItem","position":2,"name":"Products","item":"https:\/\/www.thecolivers.com\/en\/shop\/"},{"@type":"ListItem","position":3,"name":"One-Bedroom Julien Jules | Metro G\u00e8ze"}]},{"@type":"WebSite","@id":"https:\/\/www.thecolivers.com\/en\/#website","url":"https:\/\/www.thecolivers.com\/en\/","name":"The Colivers","description":"Places to share in coliving vibes","publisher":{"@id":"https:\/\/www.thecolivers.com\/en\/#organization"},"potentialAction":[{"@type":"SearchAction","target":{"@type":"EntryPoint","urlTemplate":"https:\/\/www.thecolivers.com\/en\/?s={search_term_string}"},"query-input":"required name=search_term_string"}],"inLanguage":"en-US"},{"@type":"Organization","@id":"https:\/\/www.thecolivers.com\/en\/#organization","name":"The Colivers","url":"https:\/\/www.thecolivers.com\/en\/","logo":{"@type":"ImageObject","inLanguage":"en-US","@id":"https:\/\/www.thecolivers.com\/en\/#\/schema\/logo\/image\/","url":"https:\/\/www.thecolivers.com\/wp-content\/uploads\/2020\/05\/logo_theColivers.png","contentUrl":"https:\/\/www.thecolivers.com\/wp-content\/uploads\/2020\/05\/logo_theColivers.png","width":1500,"height":465,"caption":"The Colivers"},"image":{"@id":"https:\/\/www.thecolivers.com\/en\/#\/schema\/logo\/image\/"},"sameAs":["https:\/\/www.facebook.com\/TheColivers\/","https:\/\/www.instagram.com\/thecolivers\/","https:\/\/www.linkedin.com\/company\/the-colivers\/"]}]}},"_links":{"self":[{"href":"https:\/\/www.thecolivers.com\/en\/wp-json\/wp\/v2\/product\/176405"}],"collection":[{"href":"https:\/\/www.thecolivers.com\/en\/wp-json\/wp\/v2\/product"}],"about":[{"href":"https:\/\/www.thecolivers.com\/en\/wp-json\/wp\/v2\/types\/product"}],"version-history":[{"count":0,"href":"https:\/\/www.thecolivers.com\/en\/wp-json\/wp\/v2\/product\/176405\/revisions"}],"wp:featuredmedia":[{"embeddable":true,"href":"https:\/\/www.thecolivers.com\/en\/wp-json\/wp\/v2\/media\/176388"}],"wp:attachment":[{"href":"https:\/\/www.thecolivers.com\/en\/wp-json\/wp\/v2\/media?parent=176405"}],"wp:term":[{"taxonomy":"product_cat","embeddable":true,"href":"https:\/\/www.thecolivers.com\/en\/wp-json\/wp\/v2\/product_cat?post=176405"},{"taxonomy":"product_tag","embeddable":true,"href":"https:\/\/www.thecolivers.com\/en\/wp-json\/wp\/v2\/product_tag?post=176405"}],"curies":[{"name":"wp","href":"https:\/\/api.w.org\/{rel}","templated":true}]}}