{"id":176192,"date":"2025-07-11T15:46:24","date_gmt":"2025-07-11T14:03:35","guid":{"rendered":"https:\/\/www.thecolivers.com\/produit\/colocation-dassault-bordeaux\/"},"modified":"2025-08-22T16:16:12","modified_gmt":"2025-08-22T14:16:12","slug":"colocation-dassault-bordeaux","status":"publish","type":"product","link":"https:\/\/www.thecolivers.com\/en\/colocation-dassault-bordeaux\/","title":{"rendered":"Flat-share Dassault | Bordeaux"},"content":{"rendered":"","protected":false},"excerpt":{"rendered":"","protected":false},"featured_media":176240,"template":"","meta":{"_acf_changed":false,"_joinchat":[]},"product_cat":[286],"product_tag":[292],"acf":{"id_saleforce_record":"","Titre H1":"Flat-share Dassault | Centre Ville | Bordeaux","soustitre_1_h2":"Private room in Colocation, Coliving in Bordeaux","information_encart":"","information_encart_anglais":"On waiting list","description_produit":"Room available in a large, fully-furnished and renovated 5-bedroom shared apartment, ideally located in the Ginkgo eco-neighborhood, right next to Lac de Bordeaux .\n<br>Individual contract - Eligible for housing subsidies<br>\n\n\u200d\u200d\u200d\u200d\u200d\u200d\u200d\u200d THE APARTMENT<br>Enjoy a 4-star private room with a double bed, a desk and storage space in a large apartment designed for shared living: fully equipped kitchen, bright and tastefully decorated living room, two toilets, two bathrooms and a large shared terrace. \n<br>\n \ufe0f \ufe0f FACILITIES\n- Fully equipped kitchen for shared living: fridge, dishwasher, coffee machine, oven, utensils, etc.\n- Washing machine, tumble dryer\n- Hotel-quality bedding (140 cm x 200 cm)\n- Shower with sink, storage space, illuminated mirrors\n- Designer furniture\n- Double glazing\n- TV\n- Secure building\n- Bike garage<br>- Large shared terrace and rooms with private terraces\n<br>\n\n\nPossibility of renting an additional parking space\n<br>\n \ufe0f SERVICES INCLUDED\n- dedicated customer support<br>- water, electricity, heating, building charges and wifi included","colocataire_descriptif":"<b>Victor<\/b> 21 ans,<b>Ilyan<\/b> 22 ans,<b>Alexandre<\/b> 21 ans,<b>Olympe<\/b> 21 ans,<b>Luise<\/b> 25 ans,","date_de_disponibilite":"","date_de_disponibilite_anglais":"","tout_inclus":"All-inclusive (water, electricity, wifi, property charges)","montant_depot_garantie":"800.0","montant_frais_dossier":"380.0","montant_ht":"","cta_visiter":"13b0c6fb-282c-4eb6-9a58-f5cff299cc90","cta_liste_attente":"","cta_liste_attente_anglais":"<button data-tf-slider='npV6XYFG' data-tf-transitive-search-params='utm_source, utm_medium, utm_campaign, utm_term, utm_content' data-tf-width='550' data-tf-hide-headers data-tf-iframe-props='title=R\u00e9servation THE COLIVERS' data-tf-medium='snippet' data-tf-hidden='bu=Coliving,cta=listeattente,residence=,ville=Bordeaux,ressource=Dassault,marque=thecolivers,langue=anglais' style='font-family:Oswald,sans-serif;max-width:100%;overflow:hidden;background-color:#000000;color:#FFFFFF;font-size:16px;padding:12px;font-weight:bold;cursor:pointer;text-align:center;text-decoration:none;letter-spacing:1px''>JOIN THE WAINTING LIST<\/button><script src='\/\/embed.typeform.com\/next\/embed.js'><\/script>","cta_contacter":"","cta_contacter_anglais":"<button data-tf-slider='npV6XYFG' data-tf-transitive-search-params='utm_source, utm_medium, utm_campaign, utm_term, utm_content' data-tf-width='550' data-tf-hide-headers data-tf-iframe-props='title=R\u00e9servation THE COLIVERS' data-tf-medium='snippet' data-tf-hidden='bu=Coliving,cta=contact,residence=,ville=Bordeaux,ressource=Dassault,marque=thecolivers,langue=anglais' style='all:unset;font-family:Oswald,sans-serif;display:inline-block;max-width:100%;white-space:nowrap;overflow:hidden;text-overflow:ellipsis;background-color:#FFFFFF;color:#000000;font-size:16px;border-radius:32px;padding:10px;font-weight:bold;cursor:pointer;text-align:center;text-decoration:none;letter-spacing:1px;'>CONTACT US<\/button><script src='\/\/embed.typeform.com\/next\/embed.js'><\/script>","cta_reserver_bloc_produit":"","cta_reserver_bloc_produit_anglais":"","capacite":"","surface":"","etage":"","argument_1":"Perfect location","argument_2":"Hotel-quality bedding","argument_3":"Terrace","argument_4":"Linen washer","argument_5":"Quiet","argument_6":"Bicycle Garage","descriptif_quartier":" Tram line C - station 40 Journaux\nTwo bus lines \u2014 LIgnes de bus \u00c0 Niveau \u00c9lev\u00e9 de Service (high-level bus service lines) \u2014 run along the neighbourhood: line 15 to the west and north, and line 7 to the east.\nRoute 3 of the Bordeaux express bike network passes through the southern end of the neighbourhood and allows you to reach Bordeaux intra-boulevards (Place Ravezies) in less than 5 minutes by bike.","adresse_google_lat":"44.880270750098205","adresse_google_long":"-0.5730087968755899","adresse":"22 Av. Marcel Dassault, 33300 Bordeaux","transports":" Tramway line B - Mus\u00e9e d'Aquitaine station.\nSaint jean TGV station 10 minutes away\nBus 80 (Kedge in 15 minutes)."},"yoast_head":"<!-- This site is optimized with the Yoast SEO plugin v22.7 - https:\/\/yoast.com\/wordpress\/plugins\/seo\/ -->\n<title>Furnished Flat-share Bordeaux | The Colivers<\/title>\n<meta name=\"description\" content=\"5 large, fully equipped rooms in a furnished shared apartment in Bordeaux with a large terrace, ideally located in the city centre.\" \/>\n<meta name=\"robots\" content=\"index, follow, max-snippet:-1, max-image-preview:large, max-video-preview:-1\" \/>\n<link rel=\"canonical\" href=\"https:\/\/www.thecolivers.com\/en\/colocation-dassault-bordeaux\/\" \/>\n<meta property=\"og:locale\" content=\"en_US\" \/>\n<meta property=\"og:type\" content=\"article\" \/>\n<meta property=\"og:title\" content=\"Furnished Flat-share Bordeaux | The Colivers\" \/>\n<meta property=\"og:description\" content=\"5 large, fully equipped rooms in a furnished shared apartment in Bordeaux with a large terrace, ideally located in the city centre.\" \/>\n<meta property=\"og:url\" content=\"https:\/\/www.thecolivers.com\/en\/colocation-dassault-bordeaux\/\" \/>\n<meta property=\"og:site_name\" content=\"The Colivers\" \/>\n<meta property=\"article:publisher\" content=\"https:\/\/www.facebook.com\/TheColivers\/\" \/>\n<meta property=\"article:modified_time\" content=\"2025-08-22T14:16:12+00:00\" \/>\n<meta property=\"og:image\" content=\"https:\/\/www.thecolivers.com\/wp-content\/uploads\/2025\/07\/colocation-bordeaux-victor-hugo-coliving-samon-scaled.jpg\" \/>\n\t<meta property=\"og:image:width\" content=\"2560\" \/>\n\t<meta property=\"og:image:height\" content=\"1696\" \/>\n\t<meta property=\"og:image:type\" content=\"image\/jpeg\" \/>\n<meta name=\"twitter:card\" content=\"summary_large_image\" \/>\n<script type=\"application\/ld+json\" class=\"yoast-schema-graph\">{\"@context\":\"https:\/\/schema.org\",\"@graph\":[{\"@type\":\"WebPage\",\"@id\":\"https:\/\/www.thecolivers.com\/en\/colocation-dassault-bordeaux\/\",\"url\":\"https:\/\/www.thecolivers.com\/en\/colocation-dassault-bordeaux\/\",\"name\":\"Furnished Flat-share Bordeaux | The Colivers\",\"isPartOf\":{\"@id\":\"https:\/\/www.thecolivers.com\/en\/#website\"},\"primaryImageOfPage\":{\"@id\":\"https:\/\/www.thecolivers.com\/en\/colocation-dassault-bordeaux\/#primaryimage\"},\"image\":{\"@id\":\"https:\/\/www.thecolivers.com\/en\/colocation-dassault-bordeaux\/#primaryimage\"},\"thumbnailUrl\":\"https:\/\/www.thecolivers.com\/wp-content\/uploads\/2025\/07\/colocation-bordeaux-victor-hugo-coliving-samon-scaled.jpg\",\"datePublished\":\"2025-07-11T14:03:35+00:00\",\"dateModified\":\"2025-08-22T14:16:12+00:00\",\"description\":\"5 large, fully equipped rooms in a furnished shared apartment in Bordeaux with a large terrace, ideally located in the city centre.\",\"breadcrumb\":{\"@id\":\"https:\/\/www.thecolivers.com\/en\/colocation-dassault-bordeaux\/#breadcrumb\"},\"inLanguage\":\"en-US\",\"potentialAction\":[{\"@type\":\"ReadAction\",\"target\":[\"https:\/\/www.thecolivers.com\/en\/colocation-dassault-bordeaux\/\"]}]},{\"@type\":\"ImageObject\",\"inLanguage\":\"en-US\",\"@id\":\"https:\/\/www.thecolivers.com\/en\/colocation-dassault-bordeaux\/#primaryimage\",\"url\":\"https:\/\/www.thecolivers.com\/wp-content\/uploads\/2025\/07\/colocation-bordeaux-victor-hugo-coliving-samon-scaled.jpg\",\"contentUrl\":\"https:\/\/www.thecolivers.com\/wp-content\/uploads\/2025\/07\/colocation-bordeaux-victor-hugo-coliving-samon-scaled.jpg\",\"width\":2560,\"height\":1696},{\"@type\":\"BreadcrumbList\",\"@id\":\"https:\/\/www.thecolivers.com\/en\/colocation-dassault-bordeaux\/#breadcrumb\",\"itemListElement\":[{\"@type\":\"ListItem\",\"position\":1,\"name\":\"Accueil\",\"item\":\"https:\/\/www.thecolivers.com\/en\/the-colivers-home\/\"},{\"@type\":\"ListItem\",\"position\":2,\"name\":\"Products\",\"item\":\"https:\/\/www.thecolivers.com\/en\/shop\/\"},{\"@type\":\"ListItem\",\"position\":3,\"name\":\"Flat-share Dassault | Bordeaux\"}]},{\"@type\":\"WebSite\",\"@id\":\"https:\/\/www.thecolivers.com\/en\/#website\",\"url\":\"https:\/\/www.thecolivers.com\/en\/\",\"name\":\"The Colivers\",\"description\":\"Places to share in coliving vibes\",\"publisher\":{\"@id\":\"https:\/\/www.thecolivers.com\/en\/#organization\"},\"potentialAction\":[{\"@type\":\"SearchAction\",\"target\":{\"@type\":\"EntryPoint\",\"urlTemplate\":\"https:\/\/www.thecolivers.com\/en\/?s={search_term_string}\"},\"query-input\":\"required name=search_term_string\"}],\"inLanguage\":\"en-US\"},{\"@type\":\"Organization\",\"@id\":\"https:\/\/www.thecolivers.com\/en\/#organization\",\"name\":\"The Colivers\",\"url\":\"https:\/\/www.thecolivers.com\/en\/\",\"logo\":{\"@type\":\"ImageObject\",\"inLanguage\":\"en-US\",\"@id\":\"https:\/\/www.thecolivers.com\/en\/#\/schema\/logo\/image\/\",\"url\":\"https:\/\/www.thecolivers.com\/wp-content\/uploads\/2020\/05\/logo_theColivers.png\",\"contentUrl\":\"https:\/\/www.thecolivers.com\/wp-content\/uploads\/2020\/05\/logo_theColivers.png\",\"width\":1500,\"height\":465,\"caption\":\"The Colivers\"},\"image\":{\"@id\":\"https:\/\/www.thecolivers.com\/en\/#\/schema\/logo\/image\/\"},\"sameAs\":[\"https:\/\/www.facebook.com\/TheColivers\/\",\"https:\/\/www.instagram.com\/thecolivers\/\",\"https:\/\/www.linkedin.com\/company\/the-colivers\/\"]}]}<\/script>\n<!-- \/ Yoast SEO plugin. -->","yoast_head_json":{"title":"Furnished Flat-share Bordeaux | The Colivers","description":"5 large, fully equipped rooms in a furnished shared apartment in Bordeaux with a large terrace, ideally located in the city centre.","robots":{"index":"index","follow":"follow","max-snippet":"max-snippet:-1","max-image-preview":"max-image-preview:large","max-video-preview":"max-video-preview:-1"},"canonical":"https:\/\/www.thecolivers.com\/en\/colocation-dassault-bordeaux\/","og_locale":"en_US","og_type":"article","og_title":"Furnished Flat-share Bordeaux | The Colivers","og_description":"5 large, fully equipped rooms in a furnished shared apartment in Bordeaux with a large terrace, ideally located in the city centre.","og_url":"https:\/\/www.thecolivers.com\/en\/colocation-dassault-bordeaux\/","og_site_name":"The Colivers","article_publisher":"https:\/\/www.facebook.com\/TheColivers\/","article_modified_time":"2025-08-22T14:16:12+00:00","og_image":[{"width":2560,"height":1696,"url":"https:\/\/www.thecolivers.com\/wp-content\/uploads\/2025\/07\/colocation-bordeaux-victor-hugo-coliving-samon-scaled.jpg","type":"image\/jpeg"}],"twitter_card":"summary_large_image","schema":{"@context":"https:\/\/schema.org","@graph":[{"@type":"WebPage","@id":"https:\/\/www.thecolivers.com\/en\/colocation-dassault-bordeaux\/","url":"https:\/\/www.thecolivers.com\/en\/colocation-dassault-bordeaux\/","name":"Furnished Flat-share Bordeaux | The Colivers","isPartOf":{"@id":"https:\/\/www.thecolivers.com\/en\/#website"},"primaryImageOfPage":{"@id":"https:\/\/www.thecolivers.com\/en\/colocation-dassault-bordeaux\/#primaryimage"},"image":{"@id":"https:\/\/www.thecolivers.com\/en\/colocation-dassault-bordeaux\/#primaryimage"},"thumbnailUrl":"https:\/\/www.thecolivers.com\/wp-content\/uploads\/2025\/07\/colocation-bordeaux-victor-hugo-coliving-samon-scaled.jpg","datePublished":"2025-07-11T14:03:35+00:00","dateModified":"2025-08-22T14:16:12+00:00","description":"5 large, fully equipped rooms in a furnished shared apartment in Bordeaux with a large terrace, ideally located in the city centre.","breadcrumb":{"@id":"https:\/\/www.thecolivers.com\/en\/colocation-dassault-bordeaux\/#breadcrumb"},"inLanguage":"en-US","potentialAction":[{"@type":"ReadAction","target":["https:\/\/www.thecolivers.com\/en\/colocation-dassault-bordeaux\/"]}]},{"@type":"ImageObject","inLanguage":"en-US","@id":"https:\/\/www.thecolivers.com\/en\/colocation-dassault-bordeaux\/#primaryimage","url":"https:\/\/www.thecolivers.com\/wp-content\/uploads\/2025\/07\/colocation-bordeaux-victor-hugo-coliving-samon-scaled.jpg","contentUrl":"https:\/\/www.thecolivers.com\/wp-content\/uploads\/2025\/07\/colocation-bordeaux-victor-hugo-coliving-samon-scaled.jpg","width":2560,"height":1696},{"@type":"BreadcrumbList","@id":"https:\/\/www.thecolivers.com\/en\/colocation-dassault-bordeaux\/#breadcrumb","itemListElement":[{"@type":"ListItem","position":1,"name":"Accueil","item":"https:\/\/www.thecolivers.com\/en\/the-colivers-home\/"},{"@type":"ListItem","position":2,"name":"Products","item":"https:\/\/www.thecolivers.com\/en\/shop\/"},{"@type":"ListItem","position":3,"name":"Flat-share Dassault | Bordeaux"}]},{"@type":"WebSite","@id":"https:\/\/www.thecolivers.com\/en\/#website","url":"https:\/\/www.thecolivers.com\/en\/","name":"The Colivers","description":"Places to share in coliving vibes","publisher":{"@id":"https:\/\/www.thecolivers.com\/en\/#organization"},"potentialAction":[{"@type":"SearchAction","target":{"@type":"EntryPoint","urlTemplate":"https:\/\/www.thecolivers.com\/en\/?s={search_term_string}"},"query-input":"required name=search_term_string"}],"inLanguage":"en-US"},{"@type":"Organization","@id":"https:\/\/www.thecolivers.com\/en\/#organization","name":"The Colivers","url":"https:\/\/www.thecolivers.com\/en\/","logo":{"@type":"ImageObject","inLanguage":"en-US","@id":"https:\/\/www.thecolivers.com\/en\/#\/schema\/logo\/image\/","url":"https:\/\/www.thecolivers.com\/wp-content\/uploads\/2020\/05\/logo_theColivers.png","contentUrl":"https:\/\/www.thecolivers.com\/wp-content\/uploads\/2020\/05\/logo_theColivers.png","width":1500,"height":465,"caption":"The Colivers"},"image":{"@id":"https:\/\/www.thecolivers.com\/en\/#\/schema\/logo\/image\/"},"sameAs":["https:\/\/www.facebook.com\/TheColivers\/","https:\/\/www.instagram.com\/thecolivers\/","https:\/\/www.linkedin.com\/company\/the-colivers\/"]}]}},"_links":{"self":[{"href":"https:\/\/www.thecolivers.com\/en\/wp-json\/wp\/v2\/product\/176192"}],"collection":[{"href":"https:\/\/www.thecolivers.com\/en\/wp-json\/wp\/v2\/product"}],"about":[{"href":"https:\/\/www.thecolivers.com\/en\/wp-json\/wp\/v2\/types\/product"}],"version-history":[{"count":1,"href":"https:\/\/www.thecolivers.com\/en\/wp-json\/wp\/v2\/product\/176192\/revisions"}],"predecessor-version":[{"id":176427,"href":"https:\/\/www.thecolivers.com\/en\/wp-json\/wp\/v2\/product\/176192\/revisions\/176427"}],"wp:featuredmedia":[{"embeddable":true,"href":"https:\/\/www.thecolivers.com\/en\/wp-json\/wp\/v2\/media\/176240"}],"wp:attachment":[{"href":"https:\/\/www.thecolivers.com\/en\/wp-json\/wp\/v2\/media?parent=176192"}],"wp:term":[{"taxonomy":"product_cat","embeddable":true,"href":"https:\/\/www.thecolivers.com\/en\/wp-json\/wp\/v2\/product_cat?post=176192"},{"taxonomy":"product_tag","embeddable":true,"href":"https:\/\/www.thecolivers.com\/en\/wp-json\/wp\/v2\/product_tag?post=176192"}],"curies":[{"name":"wp","href":"https:\/\/api.w.org\/{rel}","templated":true}]}}