{"id":128666,"date":"2024-02-14T15:56:32","date_gmt":"2024-02-19T14:50:48","guid":{"rendered":"https:\/\/www.thecolivers.com\/produit\/flat-share-bollardiere-7g-ile-de-nantes\/"},"modified":"2024-02-19T15:50:48","modified_gmt":"2024-02-19T14:50:48","slug":"flat-share-bollardiere-7g-ile-de-nantes","status":"publish","type":"product","link":"https:\/\/www.thecolivers.com\/en\/flat-share-bollardiere-7g-ile-de-nantes\/","title":{"rendered":"Flat Share Bollardi\u00e8re #7G | Ile de Nantes"},"content":{"rendered":"","protected":false},"excerpt":{"rendered":"","protected":false},"featured_media":128277,"template":"","meta":{"_acf_changed":false,"_joinchat":[]},"product_cat":[263],"product_tag":[269],"acf":{"id_saleforce_record":"","Titre H1":"FLAT SHARE BOLLARDI\u00c8RE #7G | ILE DE NANTES | NANTES","soustitre_1_h2":"PRIVATE ROOM IN A SHARED APARTMENT, COLIVING IN NANTES","information_encart":"","information_encart_anglais":"1 availability","description_produit":"\u200d\u200d\u200d??\u200d?\u200d??\u200d\u200d\u200d THE APARTMENT Enjoy a private 4* room, with a double bed, desk and storage in a large flat designed for group living: fully equipped kitchen, bright living room decorated with care, an indoor garden, two sanitary facilities, and two bathrooms. One of the bedrooms has a pleasant terrace.\n \n<br>\n<br>\n \ufe0f ?\ufe0f EQUIPMENT\n- kitchen equipped for group living: fridge, dishwasher, coffee machine, oven, utensils...\n- washing machine, tumble dryer\n- hotel bedding (140 cm * 200 cm)\n- central heating, adjustable by an individual thermostat\n- shower and double washbasin with storage, illuminated mirrors\n- designer furniture\n- double glazing\n- TV\n- secure building \n<br>\n<br>\n ?\ufe0f SERVICES INCLUDED\n- dedicated customer support\n- water, electricity, heating, building charges and wifi are included in a fixed price of \u20ac70 included in the posted rent.","colocataire_descriptif":"<b>Lucille<\/b> 26 ans,<b>Julie<\/b> 19 ans,<b>Samuel<\/b> 22 ans,","date_de_disponibilite":"","date_de_disponibilite_anglais":"Your rental will start 07-10-2035","tout_inclus":"All-inclusive (water, electricity, wifi, property charges)","montant_depot_garantie":"800.0","montant_frais_dossier":"380.0","montant_ht":"","cta_visiter":"b8205998-fd03-4b5e-9416-0f93ff7fb1b5","cta_liste_attente":"","cta_liste_attente_anglais":"<button data-tf-slider='npV6XYFG' data-tf-transitive-search-params='utm_source, utm_medium, utm_campaign, utm_term, utm_content' data-tf-width='550' data-tf-hide-headers data-tf-iframe-props='title=R\u00e9servation THE COLIVERS' data-tf-medium='snippet' data-tf-hidden='bu=Coliving,cta=listeattente,residence=,ville=Nantes,ressource=bolladiere-7G,marque=thecolivers,langue=anglais' style='font-family:Oswald,sans-serif;max-width:100%;overflow:hidden;background-color:#000000;color:#FFFFFF;font-size:16px;padding:12px;font-weight:bold;cursor:pointer;text-align:center;text-decoration:none;letter-spacing:1px''>JOIN THE WAINTING LIST<\/button><script src='\/\/embed.typeform.com\/next\/embed.js'><\/script>","cta_contacter":"","cta_contacter_anglais":"<button data-tf-slider='npV6XYFG' data-tf-transitive-search-params='utm_source, utm_medium, utm_campaign, utm_term, utm_content' data-tf-width='550' data-tf-hide-headers data-tf-iframe-props='title=R\u00e9servation THE COLIVERS' data-tf-medium='snippet' data-tf-hidden='bu=Coliving,cta=contact,residence=,ville=Nantes,ressource=bolladiere-7G,marque=thecolivers,langue=anglais' style='all:unset;font-family:Oswald,sans-serif;display:inline-block;max-width:100%;white-space:nowrap;overflow:hidden;text-overflow:ellipsis;background-color:#FFFFFF;color:#000000;font-size:16px;border-radius:32px;padding:10px;font-weight:bold;cursor:pointer;text-align:center;text-decoration:none;letter-spacing:1px;'>CONTACT US<\/button><script src='\/\/embed.typeform.com\/next\/embed.js'><\/script>","cta_reserver_bloc_produit":"","cta_reserver_bloc_produit_anglais":"<button data-tf-popup='DJYN0yRt' data-tf-opacity='100' data-tf-size='100' data-tf-transitive-search-params='utm_source, utm_medium, utm_campaign, utm_term, utm_content' data-tf-width='550' data-tf-hide-headers data-tf-iframe-props='title=R\u00e9server votre appartement en ligne' data-tf-medium='snippet' data-tf-hidden='bu=Coliving,cta=reservationautonome,residence=,ville=Marseille,ressource=a175J000000gJTYQA2,loyerccttc=720,garantie=1000,fraisentree=350,datededispoen=07-10-2035,datededispofr=10\/07\/2035,loyerccttc1ermois=510.97,marque=thecolivers,langue=anglais' style='font-family:Oswald,sans-serif;width:100%;overflow:hidden;background-color:#000000;color:#FFFFFF;font-size:15px;border-radius:0px;font-weight:600;cursor:pointer;text-align:center;padding-top:5px;'>BOOK<\/button><script src='\/\/embed.typeform.com\/next\/embed.js'><\/script>","capacite":"4","surface":"","etage":"7","argument_1":"All included","argument_2":"Terrace","argument_3":"Hotel-quality bedding","argument_4":"Design Furniture","argument_5":"Perfect location","argument_6":"Quiet","descriptif_quartier":"Ideally located on the \u00cele de Nantes, just a few metres from the Eric Tabarly bridge, in a quiet, well-connected area. You can enjoy the banks of the Loire just a few metres away. You can also cycle easily from the accommodation. There are a number of schools nearby (ESPI Wis, YNOV Campus, etc.). There are also a number of businesses and government departments located in the area (CHU, consultancy firms, H\u00f4tel de R\u00e9gion, France 3, Cos, IGN, etc.). There are also a number of shops nearby, including a bakery, food trucks and the Beaulieu shopping centre (10 minutes' walk).    ","adresse_google_lat":"47.21062643589289","adresse_google_long":"-1.5291793534303848","adresse":"4 Rue du G\u00e9n\u00e9ral de Bollardi\u00e8re, 44200 Nantes","transports":"? Chronobus C5 (trams in 5 mins, Place Royale in 20 mins, Hangar \u00e0 Banane in 15 mins)<br>? Bus line 5<br>? Trams 1, 2, 3, 4 5 minutes by C5 bus<br>? 15-minute walk from SNCF station <br>?Main road network nearby (Berges)"},"yoast_head":"<!-- This site is optimized with the Yoast SEO plugin v22.7 - https:\/\/yoast.com\/wordpress\/plugins\/seo\/ -->\n<title>Flat Share Bollardi\u00e8re #7G | Ile de Nantes - Nantes | The Colivers<\/title>\n<meta name=\"description\" content=\"Large 4 Bedroom Furnished Shared Appartment located right in the city centre, in the Ile de Nantes district. Fully-equipped, Renovated, Decorated &amp; Terrace!\" \/>\n<meta name=\"robots\" content=\"index, follow, max-snippet:-1, max-image-preview:large, max-video-preview:-1\" \/>\n<link rel=\"canonical\" href=\"https:\/\/www.thecolivers.com\/en\/flat-share-bollardiere-7g-ile-de-nantes\/\" \/>\n<meta property=\"og:locale\" content=\"en_US\" \/>\n<meta property=\"og:type\" content=\"article\" \/>\n<meta property=\"og:title\" content=\"Flat Share Bollardi\u00e8re #7G | Ile de Nantes - Nantes | The Colivers\" \/>\n<meta property=\"og:description\" content=\"Large 4 Bedroom Furnished Shared Appartment located right in the city centre, in the Ile de Nantes district. Fully-equipped, Renovated, Decorated &amp; Terrace!\" \/>\n<meta property=\"og:url\" content=\"https:\/\/www.thecolivers.com\/en\/flat-share-bollardiere-7g-ile-de-nantes\/\" \/>\n<meta property=\"og:site_name\" content=\"The Colivers\" \/>\n<meta property=\"article:publisher\" content=\"https:\/\/www.facebook.com\/TheColivers\/\" \/>\n<meta property=\"og:image\" content=\"https:\/\/www.thecolivers.com\/wp-content\/uploads\/2024\/02\/coliving-colocation-nantes-salon.jpg\" \/>\n\t<meta property=\"og:image:width\" content=\"2000\" \/>\n\t<meta property=\"og:image:height\" content=\"1334\" \/>\n\t<meta property=\"og:image:type\" content=\"image\/jpeg\" \/>\n<meta name=\"twitter:card\" content=\"summary_large_image\" \/>\n<script type=\"application\/ld+json\" class=\"yoast-schema-graph\">{\"@context\":\"https:\/\/schema.org\",\"@graph\":[{\"@type\":\"WebPage\",\"@id\":\"https:\/\/www.thecolivers.com\/en\/flat-share-bollardiere-7g-ile-de-nantes\/\",\"url\":\"https:\/\/www.thecolivers.com\/en\/flat-share-bollardiere-7g-ile-de-nantes\/\",\"name\":\"Flat Share Bollardi\u00e8re #7G | Ile de Nantes - Nantes | The Colivers\",\"isPartOf\":{\"@id\":\"https:\/\/www.thecolivers.com\/en\/#website\"},\"primaryImageOfPage\":{\"@id\":\"https:\/\/www.thecolivers.com\/en\/flat-share-bollardiere-7g-ile-de-nantes\/#primaryimage\"},\"image\":{\"@id\":\"https:\/\/www.thecolivers.com\/en\/flat-share-bollardiere-7g-ile-de-nantes\/#primaryimage\"},\"thumbnailUrl\":\"https:\/\/www.thecolivers.com\/wp-content\/uploads\/2024\/02\/coliving-colocation-nantes-bolardiere-coin-salon-1.webp\",\"datePublished\":\"2024-02-19T14:50:48+00:00\",\"dateModified\":\"2024-02-19T14:50:48+00:00\",\"description\":\"Large 4 Bedroom Furnished Shared Appartment located right in the city centre, in the Ile de Nantes district. Fully-equipped, Renovated, Decorated & Terrace!\",\"breadcrumb\":{\"@id\":\"https:\/\/www.thecolivers.com\/en\/flat-share-bollardiere-7g-ile-de-nantes\/#breadcrumb\"},\"inLanguage\":\"en-US\",\"potentialAction\":[{\"@type\":\"ReadAction\",\"target\":[\"https:\/\/www.thecolivers.com\/en\/flat-share-bollardiere-7g-ile-de-nantes\/\"]}]},{\"@type\":\"ImageObject\",\"inLanguage\":\"en-US\",\"@id\":\"https:\/\/www.thecolivers.com\/en\/flat-share-bollardiere-7g-ile-de-nantes\/#primaryimage\",\"url\":\"https:\/\/www.thecolivers.com\/wp-content\/uploads\/2024\/02\/coliving-colocation-nantes-bolardiere-coin-salon-1.webp\",\"contentUrl\":\"https:\/\/www.thecolivers.com\/wp-content\/uploads\/2024\/02\/coliving-colocation-nantes-bolardiere-coin-salon-1.webp\",\"width\":2000,\"height\":1334},{\"@type\":\"BreadcrumbList\",\"@id\":\"https:\/\/www.thecolivers.com\/en\/flat-share-bollardiere-7g-ile-de-nantes\/#breadcrumb\",\"itemListElement\":[{\"@type\":\"ListItem\",\"position\":1,\"name\":\"Accueil\",\"item\":\"https:\/\/www.thecolivers.com\/en\/the-colivers-home\/\"},{\"@type\":\"ListItem\",\"position\":2,\"name\":\"Products\",\"item\":\"https:\/\/www.thecolivers.com\/en\/shop\/\"},{\"@type\":\"ListItem\",\"position\":3,\"name\":\"Flat Share Bollardi\u00e8re #7G | Ile de Nantes\"}]},{\"@type\":\"WebSite\",\"@id\":\"https:\/\/www.thecolivers.com\/en\/#website\",\"url\":\"https:\/\/www.thecolivers.com\/en\/\",\"name\":\"The Colivers\",\"description\":\"Places to share in coliving vibes\",\"publisher\":{\"@id\":\"https:\/\/www.thecolivers.com\/en\/#organization\"},\"potentialAction\":[{\"@type\":\"SearchAction\",\"target\":{\"@type\":\"EntryPoint\",\"urlTemplate\":\"https:\/\/www.thecolivers.com\/en\/?s={search_term_string}\"},\"query-input\":\"required name=search_term_string\"}],\"inLanguage\":\"en-US\"},{\"@type\":\"Organization\",\"@id\":\"https:\/\/www.thecolivers.com\/en\/#organization\",\"name\":\"The Colivers\",\"url\":\"https:\/\/www.thecolivers.com\/en\/\",\"logo\":{\"@type\":\"ImageObject\",\"inLanguage\":\"en-US\",\"@id\":\"https:\/\/www.thecolivers.com\/en\/#\/schema\/logo\/image\/\",\"url\":\"https:\/\/www.thecolivers.com\/wp-content\/uploads\/2020\/05\/logo_theColivers.png\",\"contentUrl\":\"https:\/\/www.thecolivers.com\/wp-content\/uploads\/2020\/05\/logo_theColivers.png\",\"width\":1500,\"height\":465,\"caption\":\"The Colivers\"},\"image\":{\"@id\":\"https:\/\/www.thecolivers.com\/en\/#\/schema\/logo\/image\/\"},\"sameAs\":[\"https:\/\/www.facebook.com\/TheColivers\/\",\"https:\/\/www.instagram.com\/thecolivers\/\",\"https:\/\/www.linkedin.com\/company\/the-colivers\/\"]}]}<\/script>\n<!-- \/ Yoast SEO plugin. -->","yoast_head_json":{"title":"Flat Share Bollardi\u00e8re #7G | Ile de Nantes - Nantes | The Colivers","description":"Large 4 Bedroom Furnished Shared Appartment located right in the city centre, in the Ile de Nantes district. Fully-equipped, Renovated, Decorated & Terrace!","robots":{"index":"index","follow":"follow","max-snippet":"max-snippet:-1","max-image-preview":"max-image-preview:large","max-video-preview":"max-video-preview:-1"},"canonical":"https:\/\/www.thecolivers.com\/en\/flat-share-bollardiere-7g-ile-de-nantes\/","og_locale":"en_US","og_type":"article","og_title":"Flat Share Bollardi\u00e8re #7G | Ile de Nantes - Nantes | The Colivers","og_description":"Large 4 Bedroom Furnished Shared Appartment located right in the city centre, in the Ile de Nantes district. Fully-equipped, Renovated, Decorated & Terrace!","og_url":"https:\/\/www.thecolivers.com\/en\/flat-share-bollardiere-7g-ile-de-nantes\/","og_site_name":"The Colivers","article_publisher":"https:\/\/www.facebook.com\/TheColivers\/","og_image":[{"width":2000,"height":1334,"url":"https:\/\/www.thecolivers.com\/wp-content\/uploads\/2024\/02\/coliving-colocation-nantes-salon.jpg","type":"image\/jpeg"}],"twitter_card":"summary_large_image","schema":{"@context":"https:\/\/schema.org","@graph":[{"@type":"WebPage","@id":"https:\/\/www.thecolivers.com\/en\/flat-share-bollardiere-7g-ile-de-nantes\/","url":"https:\/\/www.thecolivers.com\/en\/flat-share-bollardiere-7g-ile-de-nantes\/","name":"Flat Share Bollardi\u00e8re #7G | Ile de Nantes - Nantes | The Colivers","isPartOf":{"@id":"https:\/\/www.thecolivers.com\/en\/#website"},"primaryImageOfPage":{"@id":"https:\/\/www.thecolivers.com\/en\/flat-share-bollardiere-7g-ile-de-nantes\/#primaryimage"},"image":{"@id":"https:\/\/www.thecolivers.com\/en\/flat-share-bollardiere-7g-ile-de-nantes\/#primaryimage"},"thumbnailUrl":"https:\/\/www.thecolivers.com\/wp-content\/uploads\/2024\/02\/coliving-colocation-nantes-bolardiere-coin-salon-1.webp","datePublished":"2024-02-19T14:50:48+00:00","dateModified":"2024-02-19T14:50:48+00:00","description":"Large 4 Bedroom Furnished Shared Appartment located right in the city centre, in the Ile de Nantes district. Fully-equipped, Renovated, Decorated & Terrace!","breadcrumb":{"@id":"https:\/\/www.thecolivers.com\/en\/flat-share-bollardiere-7g-ile-de-nantes\/#breadcrumb"},"inLanguage":"en-US","potentialAction":[{"@type":"ReadAction","target":["https:\/\/www.thecolivers.com\/en\/flat-share-bollardiere-7g-ile-de-nantes\/"]}]},{"@type":"ImageObject","inLanguage":"en-US","@id":"https:\/\/www.thecolivers.com\/en\/flat-share-bollardiere-7g-ile-de-nantes\/#primaryimage","url":"https:\/\/www.thecolivers.com\/wp-content\/uploads\/2024\/02\/coliving-colocation-nantes-bolardiere-coin-salon-1.webp","contentUrl":"https:\/\/www.thecolivers.com\/wp-content\/uploads\/2024\/02\/coliving-colocation-nantes-bolardiere-coin-salon-1.webp","width":2000,"height":1334},{"@type":"BreadcrumbList","@id":"https:\/\/www.thecolivers.com\/en\/flat-share-bollardiere-7g-ile-de-nantes\/#breadcrumb","itemListElement":[{"@type":"ListItem","position":1,"name":"Accueil","item":"https:\/\/www.thecolivers.com\/en\/the-colivers-home\/"},{"@type":"ListItem","position":2,"name":"Products","item":"https:\/\/www.thecolivers.com\/en\/shop\/"},{"@type":"ListItem","position":3,"name":"Flat Share Bollardi\u00e8re #7G | Ile de Nantes"}]},{"@type":"WebSite","@id":"https:\/\/www.thecolivers.com\/en\/#website","url":"https:\/\/www.thecolivers.com\/en\/","name":"The Colivers","description":"Places to share in coliving vibes","publisher":{"@id":"https:\/\/www.thecolivers.com\/en\/#organization"},"potentialAction":[{"@type":"SearchAction","target":{"@type":"EntryPoint","urlTemplate":"https:\/\/www.thecolivers.com\/en\/?s={search_term_string}"},"query-input":"required name=search_term_string"}],"inLanguage":"en-US"},{"@type":"Organization","@id":"https:\/\/www.thecolivers.com\/en\/#organization","name":"The Colivers","url":"https:\/\/www.thecolivers.com\/en\/","logo":{"@type":"ImageObject","inLanguage":"en-US","@id":"https:\/\/www.thecolivers.com\/en\/#\/schema\/logo\/image\/","url":"https:\/\/www.thecolivers.com\/wp-content\/uploads\/2020\/05\/logo_theColivers.png","contentUrl":"https:\/\/www.thecolivers.com\/wp-content\/uploads\/2020\/05\/logo_theColivers.png","width":1500,"height":465,"caption":"The Colivers"},"image":{"@id":"https:\/\/www.thecolivers.com\/en\/#\/schema\/logo\/image\/"},"sameAs":["https:\/\/www.facebook.com\/TheColivers\/","https:\/\/www.instagram.com\/thecolivers\/","https:\/\/www.linkedin.com\/company\/the-colivers\/"]}]}},"_links":{"self":[{"href":"https:\/\/www.thecolivers.com\/en\/wp-json\/wp\/v2\/product\/128666"}],"collection":[{"href":"https:\/\/www.thecolivers.com\/en\/wp-json\/wp\/v2\/product"}],"about":[{"href":"https:\/\/www.thecolivers.com\/en\/wp-json\/wp\/v2\/types\/product"}],"version-history":[{"count":0,"href":"https:\/\/www.thecolivers.com\/en\/wp-json\/wp\/v2\/product\/128666\/revisions"}],"wp:featuredmedia":[{"embeddable":true,"href":"https:\/\/www.thecolivers.com\/en\/wp-json\/wp\/v2\/media\/128277"}],"wp:attachment":[{"href":"https:\/\/www.thecolivers.com\/en\/wp-json\/wp\/v2\/media?parent=128666"}],"wp:term":[{"taxonomy":"product_cat","embeddable":true,"href":"https:\/\/www.thecolivers.com\/en\/wp-json\/wp\/v2\/product_cat?post=128666"},{"taxonomy":"product_tag","embeddable":true,"href":"https:\/\/www.thecolivers.com\/en\/wp-json\/wp\/v2\/product_tag?post=128666"}],"curies":[{"name":"wp","href":"https:\/\/api.w.org\/{rel}","templated":true}]}}